{"id":2301,"date":"2025-08-04T05:21:43","date_gmt":"2025-08-04T05:21:43","guid":{"rendered":"https:\/\/cutae.bcardmexico.com\/?post_type=product&#038;p=2301"},"modified":"2025-08-04T05:21:44","modified_gmt":"2025-08-04T05:21:44","slug":"mesoprotech-water-veil","status":"publish","type":"product","link":"https:\/\/cutae.bcardmexico.com\/?product=mesoprotech-water-veil","title":{"rendered":"Mesoprotech water veil"},"content":{"rendered":"<p>Protector solar ligero con fotoprotecci\u00f3n muy alta SPF50+ para pieles mixtas con tendencia grasa. Su textura en gel-crema ultraligera proporciona hidrataci\u00f3n y un acabado fresco a la piel. Gracias al \u00e1cido hialur\u00f3ninco, potencia la elasticidad y firmeza, reduciendo los signos del envejecimiento. Dermatol\u00f3gicamente testado. No comedog\u00e9nico. Resistente al agua.<\/p>\n","protected":false},"excerpt":{"rendered":"<p>Protector solar facial ligero con fotoprotecci\u00f3n muy alta SPF 50+ para pieles mixtas con tendencia grasa. Su textura de r\u00e1pida absorci\u00f3n proporciona hidrataci\u00f3n y un acabado fresco en la piel. No comedog\u00e9nico.<\/p>\n<p>50 ml.<\/p>\n","protected":false},"featured_media":2302,"comment_status":"open","ping_status":"closed","template":"","meta":[],"etheme_brands":[],"product_brand":[],"product_cat":[51],"product_tag":[55,54,52],"class_list":{"0":"post-2301","1":"product","2":"type-product","3":"status-publish","4":"has-post-thumbnail","6":"product_cat-solares","7":"product_tag-piel-grasa","8":"product_tag-piel-mixta","9":"product_tag-solares","11":"first","12":"instock","13":"shipping-taxable","14":"product-type-simple"},"yoast_head":"<!-- This site is optimized with the Yoast SEO Premium plugin v23.4 (Yoast SEO v23.4) - https:\/\/yoast.com\/wordpress\/plugins\/seo\/ -->\n<title>Mesoprotech water veil - CUTAE FARMACIA<\/title>\n<meta name=\"robots\" content=\"index, follow, max-snippet:-1, max-image-preview:large, max-video-preview:-1\" \/>\n<link rel=\"canonical\" href=\"https:\/\/cutae.bcardmexico.com\/?product=mesoprotech-water-veil\" \/>\n<meta property=\"og:locale\" content=\"es_MX\" \/>\n<meta property=\"og:type\" content=\"article\" \/>\n<meta property=\"og:title\" content=\"Mesoprotech water veil\" \/>\n<meta property=\"og:description\" content=\"Protector solar facial ligero con fotoprotecci\u00f3n muy alta SPF 50+ para pieles mixtas con tendencia grasa. Su textura de r\u00e1pida absorci\u00f3n proporciona hidrataci\u00f3n y un acabado fresco en la piel. No comedog\u00e9nico.  50 ml.\" \/>\n<meta property=\"og:url\" content=\"https:\/\/cutae.bcardmexico.com\/?product=mesoprotech-water-veil\" \/>\n<meta property=\"og:site_name\" content=\"CUTAE FARMACIA\" \/>\n<meta property=\"article:modified_time\" content=\"2025-08-04T05:21:44+00:00\" \/>\n<meta property=\"og:image\" content=\"https:\/\/cutae.bcardmexico.com\/wp-content\/uploads\/2025\/08\/mesoprotech_water_veil_primario_textura.jpg\" \/>\n\t<meta property=\"og:image:width\" content=\"650\" \/>\n\t<meta property=\"og:image:height\" content=\"650\" \/>\n\t<meta property=\"og:image:type\" content=\"image\/jpeg\" \/>\n<meta name=\"twitter:card\" content=\"summary_large_image\" \/>\n<meta name=\"twitter:label1\" content=\"Tiempo de lectura\" \/>\n\t<meta name=\"twitter:data1\" content=\"1 minuto\" \/>\n<script type=\"application\/ld+json\" class=\"yoast-schema-graph\">{\"@context\":\"https:\/\/schema.org\",\"@graph\":[{\"@type\":\"WebPage\",\"@id\":\"https:\/\/cutae.bcardmexico.com\/?product=mesoprotech-water-veil\",\"url\":\"https:\/\/cutae.bcardmexico.com\/?product=mesoprotech-water-veil\",\"name\":\"Mesoprotech water veil - CUTAE FARMACIA\",\"isPartOf\":{\"@id\":\"https:\/\/cutae.bcardmexico.com\/#website\"},\"primaryImageOfPage\":{\"@id\":\"https:\/\/cutae.bcardmexico.com\/?product=mesoprotech-water-veil#primaryimage\"},\"image\":{\"@id\":\"https:\/\/cutae.bcardmexico.com\/?product=mesoprotech-water-veil#primaryimage\"},\"thumbnailUrl\":\"https:\/\/cutae.bcardmexico.com\/wp-content\/uploads\/2025\/08\/mesoprotech_water_veil_primario_textura.jpg\",\"datePublished\":\"2025-08-04T05:21:43+00:00\",\"dateModified\":\"2025-08-04T05:21:44+00:00\",\"breadcrumb\":{\"@id\":\"https:\/\/cutae.bcardmexico.com\/?product=mesoprotech-water-veil#breadcrumb\"},\"inLanguage\":\"es\",\"potentialAction\":[{\"@type\":\"ReadAction\",\"target\":[\"https:\/\/cutae.bcardmexico.com\/?product=mesoprotech-water-veil\"]}]},{\"@type\":\"ImageObject\",\"inLanguage\":\"es\",\"@id\":\"https:\/\/cutae.bcardmexico.com\/?product=mesoprotech-water-veil#primaryimage\",\"url\":\"https:\/\/cutae.bcardmexico.com\/wp-content\/uploads\/2025\/08\/mesoprotech_water_veil_primario_textura.jpg\",\"contentUrl\":\"https:\/\/cutae.bcardmexico.com\/wp-content\/uploads\/2025\/08\/mesoprotech_water_veil_primario_textura.jpg\",\"width\":650,\"height\":650,\"caption\":\"mesoprotech water veil\"},{\"@type\":\"BreadcrumbList\",\"@id\":\"https:\/\/cutae.bcardmexico.com\/?product=mesoprotech-water-veil#breadcrumb\",\"itemListElement\":[{\"@type\":\"ListItem\",\"position\":1,\"name\":\"Home\",\"item\":\"https:\/\/cutae.bcardmexico.com\/\"},{\"@type\":\"ListItem\",\"position\":2,\"name\":\"Shop\",\"item\":\"https:\/\/cutae.bcardmexico.com\/?page_id=14\"},{\"@type\":\"ListItem\",\"position\":3,\"name\":\"Mesoprotech water veil\"}]},{\"@type\":\"WebSite\",\"@id\":\"https:\/\/cutae.bcardmexico.com\/#website\",\"url\":\"https:\/\/cutae.bcardmexico.com\/\",\"name\":\"CUTAE FARMACIA DERMATOL\u00d3GICA\",\"description\":\"CUTAE FARMACIA DERMATOL\u00d3GICA\",\"publisher\":{\"@id\":\"https:\/\/cutae.bcardmexico.com\/#organization\"},\"alternateName\":\"CUTAE\",\"potentialAction\":[{\"@type\":\"SearchAction\",\"target\":{\"@type\":\"EntryPoint\",\"urlTemplate\":\"https:\/\/cutae.bcardmexico.com\/?s={search_term_string}\"},\"query-input\":{\"@type\":\"PropertyValueSpecification\",\"valueRequired\":true,\"valueName\":\"search_term_string\"}}],\"inLanguage\":\"es\"},{\"@type\":\"Organization\",\"@id\":\"https:\/\/cutae.bcardmexico.com\/#organization\",\"name\":\"CUTAE FARMACIA DERMATOL\u00d3GICA\",\"url\":\"https:\/\/cutae.bcardmexico.com\/\",\"logo\":{\"@type\":\"ImageObject\",\"inLanguage\":\"es\",\"@id\":\"https:\/\/cutae.bcardmexico.com\/#\/schema\/logo\/image\/\",\"url\":\"https:\/\/cutae.bcardmexico.com\/wp-content\/uploads\/2023\/04\/Logo.svg\",\"contentUrl\":\"https:\/\/cutae.bcardmexico.com\/wp-content\/uploads\/2023\/04\/Logo.svg\",\"caption\":\"CUTAE FARMACIA DERMATOL\u00d3GICA\"},\"image\":{\"@id\":\"https:\/\/cutae.bcardmexico.com\/#\/schema\/logo\/image\/\"}}]}<\/script>\n<!-- \/ Yoast SEO Premium plugin. -->","yoast_head_json":{"title":"Mesoprotech water veil - CUTAE FARMACIA","robots":{"index":"index","follow":"follow","max-snippet":"max-snippet:-1","max-image-preview":"max-image-preview:large","max-video-preview":"max-video-preview:-1"},"canonical":"https:\/\/cutae.bcardmexico.com\/?product=mesoprotech-water-veil","og_locale":"es_MX","og_type":"article","og_title":"Mesoprotech water veil","og_description":"Protector solar facial ligero con fotoprotecci\u00f3n muy alta SPF 50+ para pieles mixtas con tendencia grasa. Su textura de r\u00e1pida absorci\u00f3n proporciona hidrataci\u00f3n y un acabado fresco en la piel. No comedog\u00e9nico.  50 ml.","og_url":"https:\/\/cutae.bcardmexico.com\/?product=mesoprotech-water-veil","og_site_name":"CUTAE FARMACIA","article_modified_time":"2025-08-04T05:21:44+00:00","og_image":[{"width":650,"height":650,"url":"https:\/\/cutae.bcardmexico.com\/wp-content\/uploads\/2025\/08\/mesoprotech_water_veil_primario_textura.jpg","type":"image\/jpeg"}],"twitter_card":"summary_large_image","twitter_misc":{"Tiempo de lectura":"1 minuto"},"schema":{"@context":"https:\/\/schema.org","@graph":[{"@type":"WebPage","@id":"https:\/\/cutae.bcardmexico.com\/?product=mesoprotech-water-veil","url":"https:\/\/cutae.bcardmexico.com\/?product=mesoprotech-water-veil","name":"Mesoprotech water veil - CUTAE FARMACIA","isPartOf":{"@id":"https:\/\/cutae.bcardmexico.com\/#website"},"primaryImageOfPage":{"@id":"https:\/\/cutae.bcardmexico.com\/?product=mesoprotech-water-veil#primaryimage"},"image":{"@id":"https:\/\/cutae.bcardmexico.com\/?product=mesoprotech-water-veil#primaryimage"},"thumbnailUrl":"https:\/\/cutae.bcardmexico.com\/wp-content\/uploads\/2025\/08\/mesoprotech_water_veil_primario_textura.jpg","datePublished":"2025-08-04T05:21:43+00:00","dateModified":"2025-08-04T05:21:44+00:00","breadcrumb":{"@id":"https:\/\/cutae.bcardmexico.com\/?product=mesoprotech-water-veil#breadcrumb"},"inLanguage":"es","potentialAction":[{"@type":"ReadAction","target":["https:\/\/cutae.bcardmexico.com\/?product=mesoprotech-water-veil"]}]},{"@type":"ImageObject","inLanguage":"es","@id":"https:\/\/cutae.bcardmexico.com\/?product=mesoprotech-water-veil#primaryimage","url":"https:\/\/cutae.bcardmexico.com\/wp-content\/uploads\/2025\/08\/mesoprotech_water_veil_primario_textura.jpg","contentUrl":"https:\/\/cutae.bcardmexico.com\/wp-content\/uploads\/2025\/08\/mesoprotech_water_veil_primario_textura.jpg","width":650,"height":650,"caption":"mesoprotech water veil"},{"@type":"BreadcrumbList","@id":"https:\/\/cutae.bcardmexico.com\/?product=mesoprotech-water-veil#breadcrumb","itemListElement":[{"@type":"ListItem","position":1,"name":"Home","item":"https:\/\/cutae.bcardmexico.com\/"},{"@type":"ListItem","position":2,"name":"Shop","item":"https:\/\/cutae.bcardmexico.com\/?page_id=14"},{"@type":"ListItem","position":3,"name":"Mesoprotech water veil"}]},{"@type":"WebSite","@id":"https:\/\/cutae.bcardmexico.com\/#website","url":"https:\/\/cutae.bcardmexico.com\/","name":"CUTAE FARMACIA DERMATOL\u00d3GICA","description":"CUTAE FARMACIA DERMATOL\u00d3GICA","publisher":{"@id":"https:\/\/cutae.bcardmexico.com\/#organization"},"alternateName":"CUTAE","potentialAction":[{"@type":"SearchAction","target":{"@type":"EntryPoint","urlTemplate":"https:\/\/cutae.bcardmexico.com\/?s={search_term_string}"},"query-input":{"@type":"PropertyValueSpecification","valueRequired":true,"valueName":"search_term_string"}}],"inLanguage":"es"},{"@type":"Organization","@id":"https:\/\/cutae.bcardmexico.com\/#organization","name":"CUTAE FARMACIA DERMATOL\u00d3GICA","url":"https:\/\/cutae.bcardmexico.com\/","logo":{"@type":"ImageObject","inLanguage":"es","@id":"https:\/\/cutae.bcardmexico.com\/#\/schema\/logo\/image\/","url":"https:\/\/cutae.bcardmexico.com\/wp-content\/uploads\/2023\/04\/Logo.svg","contentUrl":"https:\/\/cutae.bcardmexico.com\/wp-content\/uploads\/2023\/04\/Logo.svg","caption":"CUTAE FARMACIA DERMATOL\u00d3GICA"},"image":{"@id":"https:\/\/cutae.bcardmexico.com\/#\/schema\/logo\/image\/"}}]}},"_links":{"self":[{"href":"https:\/\/cutae.bcardmexico.com\/index.php?rest_route=\/wp\/v2\/product\/2301","targetHints":{"allow":["GET"]}}],"collection":[{"href":"https:\/\/cutae.bcardmexico.com\/index.php?rest_route=\/wp\/v2\/product"}],"about":[{"href":"https:\/\/cutae.bcardmexico.com\/index.php?rest_route=\/wp\/v2\/types\/product"}],"replies":[{"embeddable":true,"href":"https:\/\/cutae.bcardmexico.com\/index.php?rest_route=%2Fwp%2Fv2%2Fcomments&post=2301"}],"version-history":[{"count":1,"href":"https:\/\/cutae.bcardmexico.com\/index.php?rest_route=\/wp\/v2\/product\/2301\/revisions"}],"predecessor-version":[{"id":2303,"href":"https:\/\/cutae.bcardmexico.com\/index.php?rest_route=\/wp\/v2\/product\/2301\/revisions\/2303"}],"wp:featuredmedia":[{"embeddable":true,"href":"https:\/\/cutae.bcardmexico.com\/index.php?rest_route=\/wp\/v2\/media\/2302"}],"wp:attachment":[{"href":"https:\/\/cutae.bcardmexico.com\/index.php?rest_route=%2Fwp%2Fv2%2Fmedia&parent=2301"}],"wp:term":[{"taxonomy":"brand","embeddable":true,"href":"https:\/\/cutae.bcardmexico.com\/index.php?rest_route=%2Fwp%2Fv2%2Fetheme_brands&post=2301"},{"taxonomy":"product_brand","embeddable":true,"href":"https:\/\/cutae.bcardmexico.com\/index.php?rest_route=%2Fwp%2Fv2%2Fproduct_brand&post=2301"},{"taxonomy":"product_cat","embeddable":true,"href":"https:\/\/cutae.bcardmexico.com\/index.php?rest_route=%2Fwp%2Fv2%2Fproduct_cat&post=2301"},{"taxonomy":"product_tag","embeddable":true,"href":"https:\/\/cutae.bcardmexico.com\/index.php?rest_route=%2Fwp%2Fv2%2Fproduct_tag&post=2301"}],"curies":[{"name":"wp","href":"https:\/\/api.w.org\/{rel}","templated":true}]}}