{"id":2377,"date":"2025-08-12T02:41:20","date_gmt":"2025-08-12T02:41:20","guid":{"rendered":"https:\/\/cutae.bcardmexico.com\/?post_type=product&#038;p=2377"},"modified":"2025-08-12T02:41:21","modified_gmt":"2025-08-12T02:41:21","slug":"ha-densimatrix","status":"publish","type":"product","link":"https:\/\/cutae.bcardmexico.com\/?product=ha-densimatrix","title":{"rendered":"ha densimatrix"},"content":{"rendered":"<p>S\u00e9rum o concentrado intensivo que combina \u00e1cido hialur\u00f3nico en varias estructuras moleculares para una penetraci\u00f3n a distintos niveles. Proporciona una acci\u00f3n antiedad, repulpante y rellenadora. Todo tipo de pieles.<\/p>\n<p><strong>HIDRATACI\u00d3N MULTI-NIVEL:<\/strong>\u00a0contiene ha densimatrix complex, una combinaci\u00f3n de AH (reticulado, alto, medio y bajo) para una hidrataci\u00f3n profunda de larga duraci\u00f3n.<\/p>\n<p><strong>ACCI\u00d3N PROTECTORA:<\/strong>\u00a0la acci\u00f3n de anti-hyaluronidase complex protege la degradaci\u00f3n del AH y bloquea la acci\u00f3n producida por las agresiones externas.<\/p>\n<p><strong>ACCI\u00d3N REAFIRMANTE Y ANTIEDAD:<\/strong>\u00a0antiaging pro complex, promueve la s\u00edntesis de col\u00e1geno y elastina para aportar firmeza y elasticidad a la piel.<\/p>\n","protected":false},"excerpt":{"rendered":"<p>S\u00e9rum o concentrado de \u00e1cido hialur\u00f3nico que proporciona una acci\u00f3n hidratante, antiedad, repulpante y rellenadora. Ayuda a potenciar la hidrataci\u00f3n y jugosidad, prevenir la deshidrataci\u00f3n y proteger frente al envejecimiento prematuro. Permite atenuar y corregir imperfecciones debidas al proceso de envejecimiento, tales como arrugas, l\u00edneas de expresi\u00f3n, falta de elasticidad y firmeza. Indicado para todo tipo de pieles.<\/p>\n<p>30 ml.<\/p>\n","protected":false},"featured_media":2378,"comment_status":"open","ping_status":"closed","template":"","meta":[],"etheme_brands":[],"product_brand":[],"product_cat":[77],"product_tag":[60,64],"class_list":{"0":"post-2377","1":"product","2":"type-product","3":"status-publish","4":"has-post-thumbnail","6":"product_cat-hidratacion","7":"product_tag-facial","8":"product_tag-serum","10":"first","11":"instock","12":"shipping-taxable","13":"product-type-simple"},"yoast_head":"<!-- This site is optimized with the Yoast SEO Premium plugin v23.4 (Yoast SEO v23.4) - https:\/\/yoast.com\/wordpress\/plugins\/seo\/ -->\n<title>ha densimatrix - CUTAE FARMACIA<\/title>\n<meta name=\"robots\" content=\"index, follow, max-snippet:-1, max-image-preview:large, max-video-preview:-1\" \/>\n<link rel=\"canonical\" href=\"https:\/\/cutae.bcardmexico.com\/?product=ha-densimatrix\" \/>\n<meta property=\"og:locale\" content=\"es_MX\" \/>\n<meta property=\"og:type\" content=\"article\" \/>\n<meta property=\"og:title\" content=\"ha densimatrix\" \/>\n<meta property=\"og:description\" content=\"S\u00e9rum o concentrado de \u00e1cido hialur\u00f3nico que proporciona una acci\u00f3n hidratante, antiedad, repulpante y rellenadora. Ayuda a potenciar la hidrataci\u00f3n y jugosidad, prevenir la deshidrataci\u00f3n y proteger frente al envejecimiento prematuro. Permite atenuar y corregir imperfecciones debidas al proceso de envejecimiento, tales como arrugas, l\u00edneas de expresi\u00f3n, falta de elasticidad y firmeza. Indicado para todo tipo de pieles.  30 ml.\" \/>\n<meta property=\"og:url\" content=\"https:\/\/cutae.bcardmexico.com\/?product=ha-densimatrix\" \/>\n<meta property=\"og:site_name\" content=\"CUTAE FARMACIA\" \/>\n<meta property=\"article:modified_time\" content=\"2025-08-12T02:41:21+00:00\" \/>\n<meta property=\"og:image\" content=\"https:\/\/cutae.bcardmexico.com\/wp-content\/uploads\/2025\/07\/Miniatura.jpg\" \/>\n\t<meta property=\"og:image:width\" content=\"1080\" \/>\n\t<meta property=\"og:image:height\" content=\"1080\" \/>\n\t<meta property=\"og:image:type\" content=\"image\/jpeg\" \/>\n<meta name=\"twitter:card\" content=\"summary_large_image\" \/>\n<meta name=\"twitter:label1\" content=\"Tiempo de lectura\" \/>\n\t<meta name=\"twitter:data1\" content=\"1 minuto\" \/>\n<script type=\"application\/ld+json\" class=\"yoast-schema-graph\">{\"@context\":\"https:\/\/schema.org\",\"@graph\":[{\"@type\":\"WebPage\",\"@id\":\"https:\/\/cutae.bcardmexico.com\/?product=ha-densimatrix\",\"url\":\"https:\/\/cutae.bcardmexico.com\/?product=ha-densimatrix\",\"name\":\"ha densimatrix - CUTAE FARMACIA\",\"isPartOf\":{\"@id\":\"https:\/\/cutae.bcardmexico.com\/#website\"},\"primaryImageOfPage\":{\"@id\":\"https:\/\/cutae.bcardmexico.com\/?product=ha-densimatrix#primaryimage\"},\"image\":{\"@id\":\"https:\/\/cutae.bcardmexico.com\/?product=ha-densimatrix#primaryimage\"},\"thumbnailUrl\":\"https:\/\/cutae.bcardmexico.com\/wp-content\/uploads\/2025\/08\/bodegon_ha_1024x1024_web_1.avif\",\"datePublished\":\"2025-08-12T02:41:20+00:00\",\"dateModified\":\"2025-08-12T02:41:21+00:00\",\"breadcrumb\":{\"@id\":\"https:\/\/cutae.bcardmexico.com\/?product=ha-densimatrix#breadcrumb\"},\"inLanguage\":\"es\",\"potentialAction\":[{\"@type\":\"ReadAction\",\"target\":[\"https:\/\/cutae.bcardmexico.com\/?product=ha-densimatrix\"]}]},{\"@type\":\"ImageObject\",\"inLanguage\":\"es\",\"@id\":\"https:\/\/cutae.bcardmexico.com\/?product=ha-densimatrix#primaryimage\",\"url\":\"https:\/\/cutae.bcardmexico.com\/wp-content\/uploads\/2025\/08\/bodegon_ha_1024x1024_web_1.avif\",\"contentUrl\":\"https:\/\/cutae.bcardmexico.com\/wp-content\/uploads\/2025\/08\/bodegon_ha_1024x1024_web_1.avif\",\"caption\":\"ha densimatrix\"},{\"@type\":\"BreadcrumbList\",\"@id\":\"https:\/\/cutae.bcardmexico.com\/?product=ha-densimatrix#breadcrumb\",\"itemListElement\":[{\"@type\":\"ListItem\",\"position\":1,\"name\":\"Home\",\"item\":\"https:\/\/cutae.bcardmexico.com\/\"},{\"@type\":\"ListItem\",\"position\":2,\"name\":\"Shop\",\"item\":\"https:\/\/cutae.bcardmexico.com\/?page_id=14\"},{\"@type\":\"ListItem\",\"position\":3,\"name\":\"ha densimatrix\"}]},{\"@type\":\"WebSite\",\"@id\":\"https:\/\/cutae.bcardmexico.com\/#website\",\"url\":\"https:\/\/cutae.bcardmexico.com\/\",\"name\":\"CUTAE FARMACIA DERMATOL\u00d3GICA\",\"description\":\"CUTAE FARMACIA DERMATOL\u00d3GICA\",\"publisher\":{\"@id\":\"https:\/\/cutae.bcardmexico.com\/#organization\"},\"alternateName\":\"CUTAE\",\"potentialAction\":[{\"@type\":\"SearchAction\",\"target\":{\"@type\":\"EntryPoint\",\"urlTemplate\":\"https:\/\/cutae.bcardmexico.com\/?s={search_term_string}\"},\"query-input\":{\"@type\":\"PropertyValueSpecification\",\"valueRequired\":true,\"valueName\":\"search_term_string\"}}],\"inLanguage\":\"es\"},{\"@type\":\"Organization\",\"@id\":\"https:\/\/cutae.bcardmexico.com\/#organization\",\"name\":\"CUTAE FARMACIA DERMATOL\u00d3GICA\",\"url\":\"https:\/\/cutae.bcardmexico.com\/\",\"logo\":{\"@type\":\"ImageObject\",\"inLanguage\":\"es\",\"@id\":\"https:\/\/cutae.bcardmexico.com\/#\/schema\/logo\/image\/\",\"url\":\"https:\/\/cutae.bcardmexico.com\/wp-content\/uploads\/2023\/04\/Logo.svg\",\"contentUrl\":\"https:\/\/cutae.bcardmexico.com\/wp-content\/uploads\/2023\/04\/Logo.svg\",\"caption\":\"CUTAE FARMACIA DERMATOL\u00d3GICA\"},\"image\":{\"@id\":\"https:\/\/cutae.bcardmexico.com\/#\/schema\/logo\/image\/\"}}]}<\/script>\n<!-- \/ Yoast SEO Premium plugin. -->","yoast_head_json":{"title":"ha densimatrix - CUTAE FARMACIA","robots":{"index":"index","follow":"follow","max-snippet":"max-snippet:-1","max-image-preview":"max-image-preview:large","max-video-preview":"max-video-preview:-1"},"canonical":"https:\/\/cutae.bcardmexico.com\/?product=ha-densimatrix","og_locale":"es_MX","og_type":"article","og_title":"ha densimatrix","og_description":"S\u00e9rum o concentrado de \u00e1cido hialur\u00f3nico que proporciona una acci\u00f3n hidratante, antiedad, repulpante y rellenadora. Ayuda a potenciar la hidrataci\u00f3n y jugosidad, prevenir la deshidrataci\u00f3n y proteger frente al envejecimiento prematuro. Permite atenuar y corregir imperfecciones debidas al proceso de envejecimiento, tales como arrugas, l\u00edneas de expresi\u00f3n, falta de elasticidad y firmeza. Indicado para todo tipo de pieles.  30 ml.","og_url":"https:\/\/cutae.bcardmexico.com\/?product=ha-densimatrix","og_site_name":"CUTAE FARMACIA","article_modified_time":"2025-08-12T02:41:21+00:00","og_image":[{"width":1080,"height":1080,"url":"https:\/\/cutae.bcardmexico.com\/wp-content\/uploads\/2025\/07\/Miniatura.jpg","type":"image\/jpeg"}],"twitter_card":"summary_large_image","twitter_misc":{"Tiempo de lectura":"1 minuto"},"schema":{"@context":"https:\/\/schema.org","@graph":[{"@type":"WebPage","@id":"https:\/\/cutae.bcardmexico.com\/?product=ha-densimatrix","url":"https:\/\/cutae.bcardmexico.com\/?product=ha-densimatrix","name":"ha densimatrix - CUTAE FARMACIA","isPartOf":{"@id":"https:\/\/cutae.bcardmexico.com\/#website"},"primaryImageOfPage":{"@id":"https:\/\/cutae.bcardmexico.com\/?product=ha-densimatrix#primaryimage"},"image":{"@id":"https:\/\/cutae.bcardmexico.com\/?product=ha-densimatrix#primaryimage"},"thumbnailUrl":"https:\/\/cutae.bcardmexico.com\/wp-content\/uploads\/2025\/08\/bodegon_ha_1024x1024_web_1.avif","datePublished":"2025-08-12T02:41:20+00:00","dateModified":"2025-08-12T02:41:21+00:00","breadcrumb":{"@id":"https:\/\/cutae.bcardmexico.com\/?product=ha-densimatrix#breadcrumb"},"inLanguage":"es","potentialAction":[{"@type":"ReadAction","target":["https:\/\/cutae.bcardmexico.com\/?product=ha-densimatrix"]}]},{"@type":"ImageObject","inLanguage":"es","@id":"https:\/\/cutae.bcardmexico.com\/?product=ha-densimatrix#primaryimage","url":"https:\/\/cutae.bcardmexico.com\/wp-content\/uploads\/2025\/08\/bodegon_ha_1024x1024_web_1.avif","contentUrl":"https:\/\/cutae.bcardmexico.com\/wp-content\/uploads\/2025\/08\/bodegon_ha_1024x1024_web_1.avif","caption":"ha densimatrix"},{"@type":"BreadcrumbList","@id":"https:\/\/cutae.bcardmexico.com\/?product=ha-densimatrix#breadcrumb","itemListElement":[{"@type":"ListItem","position":1,"name":"Home","item":"https:\/\/cutae.bcardmexico.com\/"},{"@type":"ListItem","position":2,"name":"Shop","item":"https:\/\/cutae.bcardmexico.com\/?page_id=14"},{"@type":"ListItem","position":3,"name":"ha densimatrix"}]},{"@type":"WebSite","@id":"https:\/\/cutae.bcardmexico.com\/#website","url":"https:\/\/cutae.bcardmexico.com\/","name":"CUTAE FARMACIA DERMATOL\u00d3GICA","description":"CUTAE FARMACIA DERMATOL\u00d3GICA","publisher":{"@id":"https:\/\/cutae.bcardmexico.com\/#organization"},"alternateName":"CUTAE","potentialAction":[{"@type":"SearchAction","target":{"@type":"EntryPoint","urlTemplate":"https:\/\/cutae.bcardmexico.com\/?s={search_term_string}"},"query-input":{"@type":"PropertyValueSpecification","valueRequired":true,"valueName":"search_term_string"}}],"inLanguage":"es"},{"@type":"Organization","@id":"https:\/\/cutae.bcardmexico.com\/#organization","name":"CUTAE FARMACIA DERMATOL\u00d3GICA","url":"https:\/\/cutae.bcardmexico.com\/","logo":{"@type":"ImageObject","inLanguage":"es","@id":"https:\/\/cutae.bcardmexico.com\/#\/schema\/logo\/image\/","url":"https:\/\/cutae.bcardmexico.com\/wp-content\/uploads\/2023\/04\/Logo.svg","contentUrl":"https:\/\/cutae.bcardmexico.com\/wp-content\/uploads\/2023\/04\/Logo.svg","caption":"CUTAE FARMACIA DERMATOL\u00d3GICA"},"image":{"@id":"https:\/\/cutae.bcardmexico.com\/#\/schema\/logo\/image\/"}}]}},"_links":{"self":[{"href":"https:\/\/cutae.bcardmexico.com\/index.php?rest_route=\/wp\/v2\/product\/2377","targetHints":{"allow":["GET"]}}],"collection":[{"href":"https:\/\/cutae.bcardmexico.com\/index.php?rest_route=\/wp\/v2\/product"}],"about":[{"href":"https:\/\/cutae.bcardmexico.com\/index.php?rest_route=\/wp\/v2\/types\/product"}],"replies":[{"embeddable":true,"href":"https:\/\/cutae.bcardmexico.com\/index.php?rest_route=%2Fwp%2Fv2%2Fcomments&post=2377"}],"version-history":[{"count":1,"href":"https:\/\/cutae.bcardmexico.com\/index.php?rest_route=\/wp\/v2\/product\/2377\/revisions"}],"predecessor-version":[{"id":2379,"href":"https:\/\/cutae.bcardmexico.com\/index.php?rest_route=\/wp\/v2\/product\/2377\/revisions\/2379"}],"wp:featuredmedia":[{"embeddable":true,"href":"https:\/\/cutae.bcardmexico.com\/index.php?rest_route=\/wp\/v2\/media\/2378"}],"wp:attachment":[{"href":"https:\/\/cutae.bcardmexico.com\/index.php?rest_route=%2Fwp%2Fv2%2Fmedia&parent=2377"}],"wp:term":[{"taxonomy":"brand","embeddable":true,"href":"https:\/\/cutae.bcardmexico.com\/index.php?rest_route=%2Fwp%2Fv2%2Fetheme_brands&post=2377"},{"taxonomy":"product_brand","embeddable":true,"href":"https:\/\/cutae.bcardmexico.com\/index.php?rest_route=%2Fwp%2Fv2%2Fproduct_brand&post=2377"},{"taxonomy":"product_cat","embeddable":true,"href":"https:\/\/cutae.bcardmexico.com\/index.php?rest_route=%2Fwp%2Fv2%2Fproduct_cat&post=2377"},{"taxonomy":"product_tag","embeddable":true,"href":"https:\/\/cutae.bcardmexico.com\/index.php?rest_route=%2Fwp%2Fv2%2Fproduct_tag&post=2377"}],"curies":[{"name":"wp","href":"https:\/\/api.w.org\/{rel}","templated":true}]}}