{"id":2386,"date":"2025-08-12T02:48:22","date_gmt":"2025-08-12T02:48:22","guid":{"rendered":"https:\/\/cutae.bcardmexico.com\/?post_type=product&#038;p=2386"},"modified":"2025-08-12T02:48:23","modified_gmt":"2025-08-12T02:48:23","slug":"hydravital-mask","status":"publish","type":"product","link":"https:\/\/cutae.bcardmexico.com\/?product=hydravital-mask","title":{"rendered":"Hydravital mask"},"content":{"rendered":"<p>Mascarilla hidratante intensiva para pieles secas y deshidratadas.<\/p>\n<p><strong>HIDRATACI\u00d3N INTENSIVA:<\/strong>\u00a0la combinaci\u00f3n de \u00e1cido hialur\u00f3nico con el extracto de viola tricolor permite una hidrataci\u00f3n inmediata de alta calidad y una hidrataci\u00f3n m\u00e1s eficiente y homog\u00e9nea.<\/p>\n<p><strong>RELIPIDIZANTE, NUTRITIVA:<\/strong>\u00a0gracias al aceite de arg\u00e1n, rico en omegas 3 y 6, la piel recupera l\u00edpidos esenciales para su confort, equilibrio y correcta defensa.<\/p>\n<p><strong>CALMANTE:<\/strong>\u00a0el pantenol (pro-vitamina B5) proporciona una acci\u00f3n regeneradora, calmante y antirrojeces, que previene y evita la descamaci\u00f3n y la irritaci\u00f3n cut\u00e1neas.<\/p>\n<p><strong>ACCI\u00d3N BIO-EQUILIBRANTE:<\/strong>\u00a0un activo postbi\u00f3tico, Lactobacillus Ferment, obtenido de la fermentaci\u00f3n de una bacteria, favorece el equilibrio de la microbiota para potenciar y preservar la funci\u00f3n barrera cut\u00e1nea en \u00f3ptimas condiciones.<\/p>\n<p><strong>ACCI\u00d3N ANTI-POLUCI\u00d3N:<\/strong>\u00a0un activo biotecnol\u00f3gico, Urban D-tox, ofrece una acci\u00f3n dual sobre los efectos de la contaminaci\u00f3n sobre la piel: por un lado, permite la remoci\u00f3n de las part\u00edculas contaminantes que se depositan en la piel y por otro, reduce el estr\u00e9s oxidativo que acelera el envejecimiento cut\u00e1neo.<\/p>\n","protected":false},"excerpt":{"rendered":"<p>Mascarilla hidratante intensiva para pieles secas y deshidratadas.<\/p>\n<p>100 ml.<\/p>\n","protected":false},"featured_media":2387,"comment_status":"open","ping_status":"closed","template":"","meta":[],"etheme_brands":[],"product_brand":[],"product_cat":[77],"product_tag":[60,76],"class_list":{"0":"post-2386","1":"product","2":"type-product","3":"status-publish","4":"has-post-thumbnail","6":"product_cat-hidratacion","7":"product_tag-facial","8":"product_tag-mascarilla","10":"first","11":"instock","12":"shipping-taxable","13":"product-type-simple"},"yoast_head":"<!-- This site is optimized with the Yoast SEO Premium plugin v23.4 (Yoast SEO v23.4) - https:\/\/yoast.com\/wordpress\/plugins\/seo\/ -->\n<title>Hydravital mask - CUTAE FARMACIA<\/title>\n<meta name=\"robots\" content=\"index, follow, max-snippet:-1, max-image-preview:large, max-video-preview:-1\" \/>\n<link rel=\"canonical\" href=\"https:\/\/cutae.bcardmexico.com\/?product=hydravital-mask\" \/>\n<meta property=\"og:locale\" content=\"es_MX\" \/>\n<meta property=\"og:type\" content=\"article\" \/>\n<meta property=\"og:title\" content=\"Hydravital mask\" \/>\n<meta property=\"og:description\" content=\"Mascarilla hidratante intensiva para pieles secas y deshidratadas.  100 ml.\" \/>\n<meta property=\"og:url\" content=\"https:\/\/cutae.bcardmexico.com\/?product=hydravital-mask\" \/>\n<meta property=\"og:site_name\" content=\"CUTAE FARMACIA\" \/>\n<meta property=\"article:modified_time\" content=\"2025-08-12T02:48:23+00:00\" \/>\n<meta property=\"og:image\" content=\"https:\/\/cutae.bcardmexico.com\/wp-content\/uploads\/2025\/07\/Miniatura.jpg\" \/>\n\t<meta property=\"og:image:width\" content=\"1080\" \/>\n\t<meta property=\"og:image:height\" content=\"1080\" \/>\n\t<meta property=\"og:image:type\" content=\"image\/jpeg\" \/>\n<meta name=\"twitter:card\" content=\"summary_large_image\" \/>\n<meta name=\"twitter:label1\" content=\"Tiempo de lectura\" \/>\n\t<meta name=\"twitter:data1\" content=\"1 minuto\" \/>\n<script type=\"application\/ld+json\" class=\"yoast-schema-graph\">{\"@context\":\"https:\/\/schema.org\",\"@graph\":[{\"@type\":\"WebPage\",\"@id\":\"https:\/\/cutae.bcardmexico.com\/?product=hydravital-mask\",\"url\":\"https:\/\/cutae.bcardmexico.com\/?product=hydravital-mask\",\"name\":\"Hydravital mask - CUTAE FARMACIA\",\"isPartOf\":{\"@id\":\"https:\/\/cutae.bcardmexico.com\/#website\"},\"primaryImageOfPage\":{\"@id\":\"https:\/\/cutae.bcardmexico.com\/?product=hydravital-mask#primaryimage\"},\"image\":{\"@id\":\"https:\/\/cutae.bcardmexico.com\/?product=hydravital-mask#primaryimage\"},\"thumbnailUrl\":\"https:\/\/cutae.bcardmexico.com\/wp-content\/uploads\/2025\/08\/t-dhig0011-hydravital-face-mask-100mlm-new-ps_1.avif\",\"datePublished\":\"2025-08-12T02:48:22+00:00\",\"dateModified\":\"2025-08-12T02:48:23+00:00\",\"breadcrumb\":{\"@id\":\"https:\/\/cutae.bcardmexico.com\/?product=hydravital-mask#breadcrumb\"},\"inLanguage\":\"es\",\"potentialAction\":[{\"@type\":\"ReadAction\",\"target\":[\"https:\/\/cutae.bcardmexico.com\/?product=hydravital-mask\"]}]},{\"@type\":\"ImageObject\",\"inLanguage\":\"es\",\"@id\":\"https:\/\/cutae.bcardmexico.com\/?product=hydravital-mask#primaryimage\",\"url\":\"https:\/\/cutae.bcardmexico.com\/wp-content\/uploads\/2025\/08\/t-dhig0011-hydravital-face-mask-100mlm-new-ps_1.avif\",\"contentUrl\":\"https:\/\/cutae.bcardmexico.com\/wp-content\/uploads\/2025\/08\/t-dhig0011-hydravital-face-mask-100mlm-new-ps_1.avif\",\"caption\":\"Hydravital mask\"},{\"@type\":\"BreadcrumbList\",\"@id\":\"https:\/\/cutae.bcardmexico.com\/?product=hydravital-mask#breadcrumb\",\"itemListElement\":[{\"@type\":\"ListItem\",\"position\":1,\"name\":\"Home\",\"item\":\"https:\/\/cutae.bcardmexico.com\/\"},{\"@type\":\"ListItem\",\"position\":2,\"name\":\"Shop\",\"item\":\"https:\/\/cutae.bcardmexico.com\/?page_id=14\"},{\"@type\":\"ListItem\",\"position\":3,\"name\":\"Hydravital mask\"}]},{\"@type\":\"WebSite\",\"@id\":\"https:\/\/cutae.bcardmexico.com\/#website\",\"url\":\"https:\/\/cutae.bcardmexico.com\/\",\"name\":\"CUTAE FARMACIA DERMATOL\u00d3GICA\",\"description\":\"CUTAE FARMACIA DERMATOL\u00d3GICA\",\"publisher\":{\"@id\":\"https:\/\/cutae.bcardmexico.com\/#organization\"},\"alternateName\":\"CUTAE\",\"potentialAction\":[{\"@type\":\"SearchAction\",\"target\":{\"@type\":\"EntryPoint\",\"urlTemplate\":\"https:\/\/cutae.bcardmexico.com\/?s={search_term_string}\"},\"query-input\":{\"@type\":\"PropertyValueSpecification\",\"valueRequired\":true,\"valueName\":\"search_term_string\"}}],\"inLanguage\":\"es\"},{\"@type\":\"Organization\",\"@id\":\"https:\/\/cutae.bcardmexico.com\/#organization\",\"name\":\"CUTAE FARMACIA DERMATOL\u00d3GICA\",\"url\":\"https:\/\/cutae.bcardmexico.com\/\",\"logo\":{\"@type\":\"ImageObject\",\"inLanguage\":\"es\",\"@id\":\"https:\/\/cutae.bcardmexico.com\/#\/schema\/logo\/image\/\",\"url\":\"https:\/\/cutae.bcardmexico.com\/wp-content\/uploads\/2023\/04\/Logo.svg\",\"contentUrl\":\"https:\/\/cutae.bcardmexico.com\/wp-content\/uploads\/2023\/04\/Logo.svg\",\"caption\":\"CUTAE FARMACIA DERMATOL\u00d3GICA\"},\"image\":{\"@id\":\"https:\/\/cutae.bcardmexico.com\/#\/schema\/logo\/image\/\"}}]}<\/script>\n<!-- \/ Yoast SEO Premium plugin. -->","yoast_head_json":{"title":"Hydravital mask - CUTAE FARMACIA","robots":{"index":"index","follow":"follow","max-snippet":"max-snippet:-1","max-image-preview":"max-image-preview:large","max-video-preview":"max-video-preview:-1"},"canonical":"https:\/\/cutae.bcardmexico.com\/?product=hydravital-mask","og_locale":"es_MX","og_type":"article","og_title":"Hydravital mask","og_description":"Mascarilla hidratante intensiva para pieles secas y deshidratadas.  100 ml.","og_url":"https:\/\/cutae.bcardmexico.com\/?product=hydravital-mask","og_site_name":"CUTAE FARMACIA","article_modified_time":"2025-08-12T02:48:23+00:00","og_image":[{"width":1080,"height":1080,"url":"https:\/\/cutae.bcardmexico.com\/wp-content\/uploads\/2025\/07\/Miniatura.jpg","type":"image\/jpeg"}],"twitter_card":"summary_large_image","twitter_misc":{"Tiempo de lectura":"1 minuto"},"schema":{"@context":"https:\/\/schema.org","@graph":[{"@type":"WebPage","@id":"https:\/\/cutae.bcardmexico.com\/?product=hydravital-mask","url":"https:\/\/cutae.bcardmexico.com\/?product=hydravital-mask","name":"Hydravital mask - CUTAE FARMACIA","isPartOf":{"@id":"https:\/\/cutae.bcardmexico.com\/#website"},"primaryImageOfPage":{"@id":"https:\/\/cutae.bcardmexico.com\/?product=hydravital-mask#primaryimage"},"image":{"@id":"https:\/\/cutae.bcardmexico.com\/?product=hydravital-mask#primaryimage"},"thumbnailUrl":"https:\/\/cutae.bcardmexico.com\/wp-content\/uploads\/2025\/08\/t-dhig0011-hydravital-face-mask-100mlm-new-ps_1.avif","datePublished":"2025-08-12T02:48:22+00:00","dateModified":"2025-08-12T02:48:23+00:00","breadcrumb":{"@id":"https:\/\/cutae.bcardmexico.com\/?product=hydravital-mask#breadcrumb"},"inLanguage":"es","potentialAction":[{"@type":"ReadAction","target":["https:\/\/cutae.bcardmexico.com\/?product=hydravital-mask"]}]},{"@type":"ImageObject","inLanguage":"es","@id":"https:\/\/cutae.bcardmexico.com\/?product=hydravital-mask#primaryimage","url":"https:\/\/cutae.bcardmexico.com\/wp-content\/uploads\/2025\/08\/t-dhig0011-hydravital-face-mask-100mlm-new-ps_1.avif","contentUrl":"https:\/\/cutae.bcardmexico.com\/wp-content\/uploads\/2025\/08\/t-dhig0011-hydravital-face-mask-100mlm-new-ps_1.avif","caption":"Hydravital mask"},{"@type":"BreadcrumbList","@id":"https:\/\/cutae.bcardmexico.com\/?product=hydravital-mask#breadcrumb","itemListElement":[{"@type":"ListItem","position":1,"name":"Home","item":"https:\/\/cutae.bcardmexico.com\/"},{"@type":"ListItem","position":2,"name":"Shop","item":"https:\/\/cutae.bcardmexico.com\/?page_id=14"},{"@type":"ListItem","position":3,"name":"Hydravital mask"}]},{"@type":"WebSite","@id":"https:\/\/cutae.bcardmexico.com\/#website","url":"https:\/\/cutae.bcardmexico.com\/","name":"CUTAE FARMACIA DERMATOL\u00d3GICA","description":"CUTAE FARMACIA DERMATOL\u00d3GICA","publisher":{"@id":"https:\/\/cutae.bcardmexico.com\/#organization"},"alternateName":"CUTAE","potentialAction":[{"@type":"SearchAction","target":{"@type":"EntryPoint","urlTemplate":"https:\/\/cutae.bcardmexico.com\/?s={search_term_string}"},"query-input":{"@type":"PropertyValueSpecification","valueRequired":true,"valueName":"search_term_string"}}],"inLanguage":"es"},{"@type":"Organization","@id":"https:\/\/cutae.bcardmexico.com\/#organization","name":"CUTAE FARMACIA DERMATOL\u00d3GICA","url":"https:\/\/cutae.bcardmexico.com\/","logo":{"@type":"ImageObject","inLanguage":"es","@id":"https:\/\/cutae.bcardmexico.com\/#\/schema\/logo\/image\/","url":"https:\/\/cutae.bcardmexico.com\/wp-content\/uploads\/2023\/04\/Logo.svg","contentUrl":"https:\/\/cutae.bcardmexico.com\/wp-content\/uploads\/2023\/04\/Logo.svg","caption":"CUTAE FARMACIA DERMATOL\u00d3GICA"},"image":{"@id":"https:\/\/cutae.bcardmexico.com\/#\/schema\/logo\/image\/"}}]}},"_links":{"self":[{"href":"https:\/\/cutae.bcardmexico.com\/index.php?rest_route=\/wp\/v2\/product\/2386","targetHints":{"allow":["GET"]}}],"collection":[{"href":"https:\/\/cutae.bcardmexico.com\/index.php?rest_route=\/wp\/v2\/product"}],"about":[{"href":"https:\/\/cutae.bcardmexico.com\/index.php?rest_route=\/wp\/v2\/types\/product"}],"replies":[{"embeddable":true,"href":"https:\/\/cutae.bcardmexico.com\/index.php?rest_route=%2Fwp%2Fv2%2Fcomments&post=2386"}],"version-history":[{"count":1,"href":"https:\/\/cutae.bcardmexico.com\/index.php?rest_route=\/wp\/v2\/product\/2386\/revisions"}],"predecessor-version":[{"id":2388,"href":"https:\/\/cutae.bcardmexico.com\/index.php?rest_route=\/wp\/v2\/product\/2386\/revisions\/2388"}],"wp:featuredmedia":[{"embeddable":true,"href":"https:\/\/cutae.bcardmexico.com\/index.php?rest_route=\/wp\/v2\/media\/2387"}],"wp:attachment":[{"href":"https:\/\/cutae.bcardmexico.com\/index.php?rest_route=%2Fwp%2Fv2%2Fmedia&parent=2386"}],"wp:term":[{"taxonomy":"brand","embeddable":true,"href":"https:\/\/cutae.bcardmexico.com\/index.php?rest_route=%2Fwp%2Fv2%2Fetheme_brands&post=2386"},{"taxonomy":"product_brand","embeddable":true,"href":"https:\/\/cutae.bcardmexico.com\/index.php?rest_route=%2Fwp%2Fv2%2Fproduct_brand&post=2386"},{"taxonomy":"product_cat","embeddable":true,"href":"https:\/\/cutae.bcardmexico.com\/index.php?rest_route=%2Fwp%2Fv2%2Fproduct_cat&post=2386"},{"taxonomy":"product_tag","embeddable":true,"href":"https:\/\/cutae.bcardmexico.com\/index.php?rest_route=%2Fwp%2Fv2%2Fproduct_tag&post=2386"}],"curies":[{"name":"wp","href":"https:\/\/api.w.org\/{rel}","templated":true}]}}