{"id":2389,"date":"2025-08-12T02:51:14","date_gmt":"2025-08-12T02:51:14","guid":{"rendered":"https:\/\/cutae.bcardmexico.com\/?post_type=product&#038;p=2389"},"modified":"2025-08-12T02:51:15","modified_gmt":"2025-08-12T02:51:15","slug":"ha-densimatrix-lips","status":"publish","type":"product","link":"https:\/\/cutae.bcardmexico.com\/?product=ha-densimatrix-lips","title":{"rendered":"ha densimatrix lips"},"content":{"rendered":"<p><strong>B\u00e1lsamo-aceite<\/strong>\u00a0para\u00a0<strong>labios con \u00e1cido hialur\u00f3nico<\/strong>\u00a0y con\u00a0<strong>acci\u00f3n hidratante, rellenadora y regeneradora.<\/strong><\/p>\n<p>Protege la piel contra la p\u00e9rdida de hidrataci\u00f3n y acelera su recuperaci\u00f3n tras procedimientos m\u00e9dico-est\u00e9ticos.<\/p>\n<p>Contiene:<\/p>\n<ul>\n<li><strong>\u00c1rnica montana y Bisabolol<\/strong>\u00a0que aportan una acci\u00f3n calmante y suavizante<\/li>\n<li><strong>Vitamina k\u00a0<\/strong>que ayuda a la mejora de la microcirculaci\u00f3n restaurando el confort de la piel<\/li>\n<\/ul>\n<p>Indicado para el cuidado labial post-procedimiento en tratamientos m\u00e9dicos de voluminizaci\u00f3n de labios con fillers.<\/p>\n","protected":false},"excerpt":{"rendered":"<p><strong>B\u00e1lsamo-aceite<\/strong>\u00a0<strong>para labios<\/strong>\u00a0con \u00e1cido hialur\u00f3nico<strong>\u00a0<\/strong>que\u00a0<strong>hidrata, repara y aporta volumen\u00a0<\/strong>mejorando su elasticidad y aspecto.<\/p>\n<p>Adem\u00e1s tiene una\u00a0<strong>doble funcionalidad<\/strong>, protege la piel contra la p\u00e9rdida de hidrataci\u00f3n y tambi\u00e9n favorece la recuperaci\u00f3n tras tratamientos m\u00e9dico-est\u00e9ticos.<\/p>\n<p>15 ml.<\/p>\n","protected":false},"featured_media":2390,"comment_status":"open","ping_status":"closed","template":"","meta":[],"etheme_brands":[],"product_brand":[],"product_cat":[77],"product_tag":[78,60],"class_list":{"0":"post-2389","1":"product","2":"type-product","3":"status-publish","4":"has-post-thumbnail","6":"product_cat-hidratacion","7":"product_tag-balsamo-de-labios","8":"product_tag-facial","10":"first","11":"instock","12":"shipping-taxable","13":"product-type-simple"},"yoast_head":"<!-- This site is optimized with the Yoast SEO Premium plugin v23.4 (Yoast SEO v23.4) - https:\/\/yoast.com\/wordpress\/plugins\/seo\/ -->\n<title>ha densimatrix lips - CUTAE FARMACIA<\/title>\n<meta name=\"robots\" content=\"index, follow, max-snippet:-1, max-image-preview:large, max-video-preview:-1\" \/>\n<link rel=\"canonical\" href=\"https:\/\/cutae.bcardmexico.com\/?product=ha-densimatrix-lips\" \/>\n<meta property=\"og:locale\" content=\"es_MX\" \/>\n<meta property=\"og:type\" content=\"article\" \/>\n<meta property=\"og:title\" content=\"ha densimatrix lips\" \/>\n<meta property=\"og:description\" content=\"B\u00e1lsamo-aceite\u00a0para labios\u00a0con \u00e1cido hialur\u00f3nico\u00a0que\u00a0hidrata, repara y aporta volumen\u00a0mejorando su elasticidad y aspecto.  Adem\u00e1s tiene una\u00a0doble funcionalidad, protege la piel contra la p\u00e9rdida de hidrataci\u00f3n y tambi\u00e9n favorece la recuperaci\u00f3n tras tratamientos m\u00e9dico-est\u00e9ticos.  15 ml.\" \/>\n<meta property=\"og:url\" content=\"https:\/\/cutae.bcardmexico.com\/?product=ha-densimatrix-lips\" \/>\n<meta property=\"og:site_name\" content=\"CUTAE FARMACIA\" \/>\n<meta property=\"article:modified_time\" content=\"2025-08-12T02:51:15+00:00\" \/>\n<meta property=\"og:image\" content=\"https:\/\/cutae.bcardmexico.com\/wp-content\/uploads\/2025\/07\/Miniatura.jpg\" \/>\n\t<meta property=\"og:image:width\" content=\"1080\" \/>\n\t<meta property=\"og:image:height\" content=\"1080\" \/>\n\t<meta property=\"og:image:type\" content=\"image\/jpeg\" \/>\n<meta name=\"twitter:card\" content=\"summary_large_image\" \/>\n<meta name=\"twitter:label1\" content=\"Tiempo de lectura\" \/>\n\t<meta name=\"twitter:data1\" content=\"1 minuto\" \/>\n<script type=\"application\/ld+json\" class=\"yoast-schema-graph\">{\"@context\":\"https:\/\/schema.org\",\"@graph\":[{\"@type\":\"WebPage\",\"@id\":\"https:\/\/cutae.bcardmexico.com\/?product=ha-densimatrix-lips\",\"url\":\"https:\/\/cutae.bcardmexico.com\/?product=ha-densimatrix-lips\",\"name\":\"ha densimatrix lips - CUTAE FARMACIA\",\"isPartOf\":{\"@id\":\"https:\/\/cutae.bcardmexico.com\/#website\"},\"primaryImageOfPage\":{\"@id\":\"https:\/\/cutae.bcardmexico.com\/?product=ha-densimatrix-lips#primaryimage\"},\"image\":{\"@id\":\"https:\/\/cutae.bcardmexico.com\/?product=ha-densimatrix-lips#primaryimage\"},\"thumbnailUrl\":\"https:\/\/cutae.bcardmexico.com\/wp-content\/uploads\/2025\/08\/primariosecundario_lips.avif\",\"datePublished\":\"2025-08-12T02:51:14+00:00\",\"dateModified\":\"2025-08-12T02:51:15+00:00\",\"breadcrumb\":{\"@id\":\"https:\/\/cutae.bcardmexico.com\/?product=ha-densimatrix-lips#breadcrumb\"},\"inLanguage\":\"es\",\"potentialAction\":[{\"@type\":\"ReadAction\",\"target\":[\"https:\/\/cutae.bcardmexico.com\/?product=ha-densimatrix-lips\"]}]},{\"@type\":\"ImageObject\",\"inLanguage\":\"es\",\"@id\":\"https:\/\/cutae.bcardmexico.com\/?product=ha-densimatrix-lips#primaryimage\",\"url\":\"https:\/\/cutae.bcardmexico.com\/wp-content\/uploads\/2025\/08\/primariosecundario_lips.avif\",\"contentUrl\":\"https:\/\/cutae.bcardmexico.com\/wp-content\/uploads\/2025\/08\/primariosecundario_lips.avif\",\"caption\":\"ha densimatrix lips\"},{\"@type\":\"BreadcrumbList\",\"@id\":\"https:\/\/cutae.bcardmexico.com\/?product=ha-densimatrix-lips#breadcrumb\",\"itemListElement\":[{\"@type\":\"ListItem\",\"position\":1,\"name\":\"Home\",\"item\":\"https:\/\/cutae.bcardmexico.com\/\"},{\"@type\":\"ListItem\",\"position\":2,\"name\":\"Shop\",\"item\":\"https:\/\/cutae.bcardmexico.com\/?page_id=14\"},{\"@type\":\"ListItem\",\"position\":3,\"name\":\"ha densimatrix lips\"}]},{\"@type\":\"WebSite\",\"@id\":\"https:\/\/cutae.bcardmexico.com\/#website\",\"url\":\"https:\/\/cutae.bcardmexico.com\/\",\"name\":\"CUTAE FARMACIA DERMATOL\u00d3GICA\",\"description\":\"CUTAE FARMACIA DERMATOL\u00d3GICA\",\"publisher\":{\"@id\":\"https:\/\/cutae.bcardmexico.com\/#organization\"},\"alternateName\":\"CUTAE\",\"potentialAction\":[{\"@type\":\"SearchAction\",\"target\":{\"@type\":\"EntryPoint\",\"urlTemplate\":\"https:\/\/cutae.bcardmexico.com\/?s={search_term_string}\"},\"query-input\":{\"@type\":\"PropertyValueSpecification\",\"valueRequired\":true,\"valueName\":\"search_term_string\"}}],\"inLanguage\":\"es\"},{\"@type\":\"Organization\",\"@id\":\"https:\/\/cutae.bcardmexico.com\/#organization\",\"name\":\"CUTAE FARMACIA DERMATOL\u00d3GICA\",\"url\":\"https:\/\/cutae.bcardmexico.com\/\",\"logo\":{\"@type\":\"ImageObject\",\"inLanguage\":\"es\",\"@id\":\"https:\/\/cutae.bcardmexico.com\/#\/schema\/logo\/image\/\",\"url\":\"https:\/\/cutae.bcardmexico.com\/wp-content\/uploads\/2023\/04\/Logo.svg\",\"contentUrl\":\"https:\/\/cutae.bcardmexico.com\/wp-content\/uploads\/2023\/04\/Logo.svg\",\"caption\":\"CUTAE FARMACIA DERMATOL\u00d3GICA\"},\"image\":{\"@id\":\"https:\/\/cutae.bcardmexico.com\/#\/schema\/logo\/image\/\"}}]}<\/script>\n<!-- \/ Yoast SEO Premium plugin. -->","yoast_head_json":{"title":"ha densimatrix lips - CUTAE FARMACIA","robots":{"index":"index","follow":"follow","max-snippet":"max-snippet:-1","max-image-preview":"max-image-preview:large","max-video-preview":"max-video-preview:-1"},"canonical":"https:\/\/cutae.bcardmexico.com\/?product=ha-densimatrix-lips","og_locale":"es_MX","og_type":"article","og_title":"ha densimatrix lips","og_description":"B\u00e1lsamo-aceite\u00a0para labios\u00a0con \u00e1cido hialur\u00f3nico\u00a0que\u00a0hidrata, repara y aporta volumen\u00a0mejorando su elasticidad y aspecto.  Adem\u00e1s tiene una\u00a0doble funcionalidad, protege la piel contra la p\u00e9rdida de hidrataci\u00f3n y tambi\u00e9n favorece la recuperaci\u00f3n tras tratamientos m\u00e9dico-est\u00e9ticos.  15 ml.","og_url":"https:\/\/cutae.bcardmexico.com\/?product=ha-densimatrix-lips","og_site_name":"CUTAE FARMACIA","article_modified_time":"2025-08-12T02:51:15+00:00","og_image":[{"width":1080,"height":1080,"url":"https:\/\/cutae.bcardmexico.com\/wp-content\/uploads\/2025\/07\/Miniatura.jpg","type":"image\/jpeg"}],"twitter_card":"summary_large_image","twitter_misc":{"Tiempo de lectura":"1 minuto"},"schema":{"@context":"https:\/\/schema.org","@graph":[{"@type":"WebPage","@id":"https:\/\/cutae.bcardmexico.com\/?product=ha-densimatrix-lips","url":"https:\/\/cutae.bcardmexico.com\/?product=ha-densimatrix-lips","name":"ha densimatrix lips - CUTAE FARMACIA","isPartOf":{"@id":"https:\/\/cutae.bcardmexico.com\/#website"},"primaryImageOfPage":{"@id":"https:\/\/cutae.bcardmexico.com\/?product=ha-densimatrix-lips#primaryimage"},"image":{"@id":"https:\/\/cutae.bcardmexico.com\/?product=ha-densimatrix-lips#primaryimage"},"thumbnailUrl":"https:\/\/cutae.bcardmexico.com\/wp-content\/uploads\/2025\/08\/primariosecundario_lips.avif","datePublished":"2025-08-12T02:51:14+00:00","dateModified":"2025-08-12T02:51:15+00:00","breadcrumb":{"@id":"https:\/\/cutae.bcardmexico.com\/?product=ha-densimatrix-lips#breadcrumb"},"inLanguage":"es","potentialAction":[{"@type":"ReadAction","target":["https:\/\/cutae.bcardmexico.com\/?product=ha-densimatrix-lips"]}]},{"@type":"ImageObject","inLanguage":"es","@id":"https:\/\/cutae.bcardmexico.com\/?product=ha-densimatrix-lips#primaryimage","url":"https:\/\/cutae.bcardmexico.com\/wp-content\/uploads\/2025\/08\/primariosecundario_lips.avif","contentUrl":"https:\/\/cutae.bcardmexico.com\/wp-content\/uploads\/2025\/08\/primariosecundario_lips.avif","caption":"ha densimatrix lips"},{"@type":"BreadcrumbList","@id":"https:\/\/cutae.bcardmexico.com\/?product=ha-densimatrix-lips#breadcrumb","itemListElement":[{"@type":"ListItem","position":1,"name":"Home","item":"https:\/\/cutae.bcardmexico.com\/"},{"@type":"ListItem","position":2,"name":"Shop","item":"https:\/\/cutae.bcardmexico.com\/?page_id=14"},{"@type":"ListItem","position":3,"name":"ha densimatrix lips"}]},{"@type":"WebSite","@id":"https:\/\/cutae.bcardmexico.com\/#website","url":"https:\/\/cutae.bcardmexico.com\/","name":"CUTAE FARMACIA DERMATOL\u00d3GICA","description":"CUTAE FARMACIA DERMATOL\u00d3GICA","publisher":{"@id":"https:\/\/cutae.bcardmexico.com\/#organization"},"alternateName":"CUTAE","potentialAction":[{"@type":"SearchAction","target":{"@type":"EntryPoint","urlTemplate":"https:\/\/cutae.bcardmexico.com\/?s={search_term_string}"},"query-input":{"@type":"PropertyValueSpecification","valueRequired":true,"valueName":"search_term_string"}}],"inLanguage":"es"},{"@type":"Organization","@id":"https:\/\/cutae.bcardmexico.com\/#organization","name":"CUTAE FARMACIA DERMATOL\u00d3GICA","url":"https:\/\/cutae.bcardmexico.com\/","logo":{"@type":"ImageObject","inLanguage":"es","@id":"https:\/\/cutae.bcardmexico.com\/#\/schema\/logo\/image\/","url":"https:\/\/cutae.bcardmexico.com\/wp-content\/uploads\/2023\/04\/Logo.svg","contentUrl":"https:\/\/cutae.bcardmexico.com\/wp-content\/uploads\/2023\/04\/Logo.svg","caption":"CUTAE FARMACIA DERMATOL\u00d3GICA"},"image":{"@id":"https:\/\/cutae.bcardmexico.com\/#\/schema\/logo\/image\/"}}]}},"_links":{"self":[{"href":"https:\/\/cutae.bcardmexico.com\/index.php?rest_route=\/wp\/v2\/product\/2389","targetHints":{"allow":["GET"]}}],"collection":[{"href":"https:\/\/cutae.bcardmexico.com\/index.php?rest_route=\/wp\/v2\/product"}],"about":[{"href":"https:\/\/cutae.bcardmexico.com\/index.php?rest_route=\/wp\/v2\/types\/product"}],"replies":[{"embeddable":true,"href":"https:\/\/cutae.bcardmexico.com\/index.php?rest_route=%2Fwp%2Fv2%2Fcomments&post=2389"}],"version-history":[{"count":1,"href":"https:\/\/cutae.bcardmexico.com\/index.php?rest_route=\/wp\/v2\/product\/2389\/revisions"}],"predecessor-version":[{"id":2391,"href":"https:\/\/cutae.bcardmexico.com\/index.php?rest_route=\/wp\/v2\/product\/2389\/revisions\/2391"}],"wp:featuredmedia":[{"embeddable":true,"href":"https:\/\/cutae.bcardmexico.com\/index.php?rest_route=\/wp\/v2\/media\/2390"}],"wp:attachment":[{"href":"https:\/\/cutae.bcardmexico.com\/index.php?rest_route=%2Fwp%2Fv2%2Fmedia&parent=2389"}],"wp:term":[{"taxonomy":"brand","embeddable":true,"href":"https:\/\/cutae.bcardmexico.com\/index.php?rest_route=%2Fwp%2Fv2%2Fetheme_brands&post=2389"},{"taxonomy":"product_brand","embeddable":true,"href":"https:\/\/cutae.bcardmexico.com\/index.php?rest_route=%2Fwp%2Fv2%2Fproduct_brand&post=2389"},{"taxonomy":"product_cat","embeddable":true,"href":"https:\/\/cutae.bcardmexico.com\/index.php?rest_route=%2Fwp%2Fv2%2Fproduct_cat&post=2389"},{"taxonomy":"product_tag","embeddable":true,"href":"https:\/\/cutae.bcardmexico.com\/index.php?rest_route=%2Fwp%2Fv2%2Fproduct_tag&post=2389"}],"curies":[{"name":"wp","href":"https:\/\/api.w.org\/{rel}","templated":true}]}}