{"id":2393,"date":"2026-01-19T03:42:19","date_gmt":"2026-01-19T03:42:19","guid":{"rendered":"https:\/\/cutae.bcardmexico.com\/?post_type=product&#038;p=2393"},"modified":"2026-01-19T03:42:20","modified_gmt":"2026-01-19T03:42:20","slug":"skin-balance","status":"publish","type":"product","link":"https:\/\/cutae.bcardmexico.com\/?product=skin-balance","title":{"rendered":"Skin balance"},"content":{"rendered":"<p>Concentrado o s\u00e9rum con efecto calmante de alta tolerancia cut\u00e1nea. Aten\u00faa las manifestaciones cut\u00e1neas relacionadas con las pieles sensibles y sensibilizadas, enrojecimiento localizado, picor, irritaci\u00f3n. Con ingredientes antioxidantes y reequilibrantes que favorecen el equilibrio de la microbiota y fortalecen el sistema de defensa natural de la piel.<\/p>\n<p><strong>ACCI\u00d3N CALMANTE:<\/strong>\u00a0Gracias a la combinaci\u00f3n y sinergia de activos de origen vegetal, proporciona una acci\u00f3n calmante inmediata y disminuye el enrojecimiento.<\/p>\n<p><strong>ACCI\u00d3N REGENERADORA:\u00a0<\/strong>el pantenol, junto al extracto de aloe vera y cal\u00e9ndula, estimulan los procesos de renovaci\u00f3n celular para fortalecer la piel y la funci\u00f3n barrera.<\/p>\n<p><strong>BIO-EQUILIBRANTE:<\/strong> la presencia de un prebi\u00f3tico, promueve el equilibrio de la microbiota y la presencia de bacterias beneficiosas con la finalidad de fortalecer el sistema de defensa natural de la piel.<\/p>\n<p><strong>ANTIOXIDANTE:<\/strong>\u00a0tretrapeptide-2 ofrece protecci\u00f3n frente la oxidaci\u00f3n producida por las principales especies reactivas procedentes de la exposici\u00f3n diaria a agentes externos.<\/p>\n","protected":false},"excerpt":{"rendered":"<div class=\"product attribute overview\">\n<div class=\"value\">Concentrado o s\u00e9rum intensivo con efecto calmante para pieles sensibles y sensibilizadas. Refuerza los sistema de defensa de la piel, microbiota y funci\u00f3n barrera.<\/div>\n<\/div>\n<div class=\"summary-review-wrapper\">\n<div class=\"product attribute size\">\n<div><\/div>\n<div class=\"value\">30 ml<\/div>\n<\/div>\n<\/div>\n","protected":false},"featured_media":2395,"comment_status":"open","ping_status":"closed","template":"","meta":[],"etheme_brands":[],"product_brand":[],"product_cat":[79],"product_tag":[60,64],"class_list":{"0":"post-2393","1":"product","2":"type-product","3":"status-publish","4":"has-post-thumbnail","6":"product_cat-piel-sensible","7":"product_tag-facial","8":"product_tag-serum","10":"first","11":"instock","12":"shipping-taxable","13":"product-type-simple"},"yoast_head":"<!-- This site is optimized with the Yoast SEO Premium plugin v23.4 (Yoast SEO v23.4) - https:\/\/yoast.com\/wordpress\/plugins\/seo\/ -->\n<title>Skin balance - CUTAE FARMACIA<\/title>\n<meta name=\"robots\" content=\"index, follow, max-snippet:-1, max-image-preview:large, max-video-preview:-1\" \/>\n<link rel=\"canonical\" href=\"https:\/\/cutae.bcardmexico.com\/?product=skin-balance\" \/>\n<meta property=\"og:locale\" content=\"es_MX\" \/>\n<meta property=\"og:type\" content=\"article\" \/>\n<meta property=\"og:title\" content=\"Skin balance\" \/>\n<meta property=\"og:description\" content=\"Concentrado o s\u00e9rum intensivo con efecto calmante para pieles sensibles y sensibilizadas. Refuerza los sistema de defensa de la piel, microbiota y funci\u00f3n barrera.     30 ml\" \/>\n<meta property=\"og:url\" content=\"https:\/\/cutae.bcardmexico.com\/?product=skin-balance\" \/>\n<meta property=\"og:site_name\" content=\"CUTAE FARMACIA\" \/>\n<meta property=\"article:modified_time\" content=\"2026-01-19T03:42:20+00:00\" \/>\n<meta property=\"og:image\" content=\"https:\/\/cutae.bcardmexico.com\/wp-content\/uploads\/2026\/01\/Skin-balance.jpg\" \/>\n\t<meta property=\"og:image:width\" content=\"650\" \/>\n\t<meta property=\"og:image:height\" content=\"650\" \/>\n\t<meta property=\"og:image:type\" content=\"image\/jpeg\" \/>\n<meta name=\"twitter:card\" content=\"summary_large_image\" \/>\n<meta name=\"twitter:label1\" content=\"Tiempo de lectura\" \/>\n\t<meta name=\"twitter:data1\" content=\"1 minuto\" \/>\n<script type=\"application\/ld+json\" class=\"yoast-schema-graph\">{\"@context\":\"https:\/\/schema.org\",\"@graph\":[{\"@type\":\"WebPage\",\"@id\":\"https:\/\/cutae.bcardmexico.com\/?product=skin-balance\",\"url\":\"https:\/\/cutae.bcardmexico.com\/?product=skin-balance\",\"name\":\"Skin balance - CUTAE FARMACIA\",\"isPartOf\":{\"@id\":\"https:\/\/cutae.bcardmexico.com\/#website\"},\"primaryImageOfPage\":{\"@id\":\"https:\/\/cutae.bcardmexico.com\/?product=skin-balance#primaryimage\"},\"image\":{\"@id\":\"https:\/\/cutae.bcardmexico.com\/?product=skin-balance#primaryimage\"},\"thumbnailUrl\":\"https:\/\/cutae.bcardmexico.com\/wp-content\/uploads\/2026\/01\/Skin-balance.jpg\",\"datePublished\":\"2026-01-19T03:42:19+00:00\",\"dateModified\":\"2026-01-19T03:42:20+00:00\",\"breadcrumb\":{\"@id\":\"https:\/\/cutae.bcardmexico.com\/?product=skin-balance#breadcrumb\"},\"inLanguage\":\"es\",\"potentialAction\":[{\"@type\":\"ReadAction\",\"target\":[\"https:\/\/cutae.bcardmexico.com\/?product=skin-balance\"]}]},{\"@type\":\"ImageObject\",\"inLanguage\":\"es\",\"@id\":\"https:\/\/cutae.bcardmexico.com\/?product=skin-balance#primaryimage\",\"url\":\"https:\/\/cutae.bcardmexico.com\/wp-content\/uploads\/2026\/01\/Skin-balance.jpg\",\"contentUrl\":\"https:\/\/cutae.bcardmexico.com\/wp-content\/uploads\/2026\/01\/Skin-balance.jpg\",\"width\":650,\"height\":650},{\"@type\":\"BreadcrumbList\",\"@id\":\"https:\/\/cutae.bcardmexico.com\/?product=skin-balance#breadcrumb\",\"itemListElement\":[{\"@type\":\"ListItem\",\"position\":1,\"name\":\"Home\",\"item\":\"https:\/\/cutae.bcardmexico.com\/\"},{\"@type\":\"ListItem\",\"position\":2,\"name\":\"Shop\",\"item\":\"https:\/\/cutae.bcardmexico.com\/?page_id=14\"},{\"@type\":\"ListItem\",\"position\":3,\"name\":\"Skin balance\"}]},{\"@type\":\"WebSite\",\"@id\":\"https:\/\/cutae.bcardmexico.com\/#website\",\"url\":\"https:\/\/cutae.bcardmexico.com\/\",\"name\":\"CUTAE FARMACIA DERMATOL\u00d3GICA\",\"description\":\"CUTAE FARMACIA DERMATOL\u00d3GICA\",\"publisher\":{\"@id\":\"https:\/\/cutae.bcardmexico.com\/#organization\"},\"alternateName\":\"CUTAE\",\"potentialAction\":[{\"@type\":\"SearchAction\",\"target\":{\"@type\":\"EntryPoint\",\"urlTemplate\":\"https:\/\/cutae.bcardmexico.com\/?s={search_term_string}\"},\"query-input\":{\"@type\":\"PropertyValueSpecification\",\"valueRequired\":true,\"valueName\":\"search_term_string\"}}],\"inLanguage\":\"es\"},{\"@type\":\"Organization\",\"@id\":\"https:\/\/cutae.bcardmexico.com\/#organization\",\"name\":\"CUTAE FARMACIA DERMATOL\u00d3GICA\",\"url\":\"https:\/\/cutae.bcardmexico.com\/\",\"logo\":{\"@type\":\"ImageObject\",\"inLanguage\":\"es\",\"@id\":\"https:\/\/cutae.bcardmexico.com\/#\/schema\/logo\/image\/\",\"url\":\"https:\/\/cutae.bcardmexico.com\/wp-content\/uploads\/2023\/04\/Logo.svg\",\"contentUrl\":\"https:\/\/cutae.bcardmexico.com\/wp-content\/uploads\/2023\/04\/Logo.svg\",\"caption\":\"CUTAE FARMACIA DERMATOL\u00d3GICA\"},\"image\":{\"@id\":\"https:\/\/cutae.bcardmexico.com\/#\/schema\/logo\/image\/\"}}]}<\/script>\n<!-- \/ Yoast SEO Premium plugin. -->","yoast_head_json":{"title":"Skin balance - CUTAE FARMACIA","robots":{"index":"index","follow":"follow","max-snippet":"max-snippet:-1","max-image-preview":"max-image-preview:large","max-video-preview":"max-video-preview:-1"},"canonical":"https:\/\/cutae.bcardmexico.com\/?product=skin-balance","og_locale":"es_MX","og_type":"article","og_title":"Skin balance","og_description":"Concentrado o s\u00e9rum intensivo con efecto calmante para pieles sensibles y sensibilizadas. Refuerza los sistema de defensa de la piel, microbiota y funci\u00f3n barrera.     30 ml","og_url":"https:\/\/cutae.bcardmexico.com\/?product=skin-balance","og_site_name":"CUTAE FARMACIA","article_modified_time":"2026-01-19T03:42:20+00:00","og_image":[{"width":650,"height":650,"url":"https:\/\/cutae.bcardmexico.com\/wp-content\/uploads\/2026\/01\/Skin-balance.jpg","type":"image\/jpeg"}],"twitter_card":"summary_large_image","twitter_misc":{"Tiempo de lectura":"1 minuto"},"schema":{"@context":"https:\/\/schema.org","@graph":[{"@type":"WebPage","@id":"https:\/\/cutae.bcardmexico.com\/?product=skin-balance","url":"https:\/\/cutae.bcardmexico.com\/?product=skin-balance","name":"Skin balance - CUTAE FARMACIA","isPartOf":{"@id":"https:\/\/cutae.bcardmexico.com\/#website"},"primaryImageOfPage":{"@id":"https:\/\/cutae.bcardmexico.com\/?product=skin-balance#primaryimage"},"image":{"@id":"https:\/\/cutae.bcardmexico.com\/?product=skin-balance#primaryimage"},"thumbnailUrl":"https:\/\/cutae.bcardmexico.com\/wp-content\/uploads\/2026\/01\/Skin-balance.jpg","datePublished":"2026-01-19T03:42:19+00:00","dateModified":"2026-01-19T03:42:20+00:00","breadcrumb":{"@id":"https:\/\/cutae.bcardmexico.com\/?product=skin-balance#breadcrumb"},"inLanguage":"es","potentialAction":[{"@type":"ReadAction","target":["https:\/\/cutae.bcardmexico.com\/?product=skin-balance"]}]},{"@type":"ImageObject","inLanguage":"es","@id":"https:\/\/cutae.bcardmexico.com\/?product=skin-balance#primaryimage","url":"https:\/\/cutae.bcardmexico.com\/wp-content\/uploads\/2026\/01\/Skin-balance.jpg","contentUrl":"https:\/\/cutae.bcardmexico.com\/wp-content\/uploads\/2026\/01\/Skin-balance.jpg","width":650,"height":650},{"@type":"BreadcrumbList","@id":"https:\/\/cutae.bcardmexico.com\/?product=skin-balance#breadcrumb","itemListElement":[{"@type":"ListItem","position":1,"name":"Home","item":"https:\/\/cutae.bcardmexico.com\/"},{"@type":"ListItem","position":2,"name":"Shop","item":"https:\/\/cutae.bcardmexico.com\/?page_id=14"},{"@type":"ListItem","position":3,"name":"Skin balance"}]},{"@type":"WebSite","@id":"https:\/\/cutae.bcardmexico.com\/#website","url":"https:\/\/cutae.bcardmexico.com\/","name":"CUTAE FARMACIA DERMATOL\u00d3GICA","description":"CUTAE FARMACIA DERMATOL\u00d3GICA","publisher":{"@id":"https:\/\/cutae.bcardmexico.com\/#organization"},"alternateName":"CUTAE","potentialAction":[{"@type":"SearchAction","target":{"@type":"EntryPoint","urlTemplate":"https:\/\/cutae.bcardmexico.com\/?s={search_term_string}"},"query-input":{"@type":"PropertyValueSpecification","valueRequired":true,"valueName":"search_term_string"}}],"inLanguage":"es"},{"@type":"Organization","@id":"https:\/\/cutae.bcardmexico.com\/#organization","name":"CUTAE FARMACIA DERMATOL\u00d3GICA","url":"https:\/\/cutae.bcardmexico.com\/","logo":{"@type":"ImageObject","inLanguage":"es","@id":"https:\/\/cutae.bcardmexico.com\/#\/schema\/logo\/image\/","url":"https:\/\/cutae.bcardmexico.com\/wp-content\/uploads\/2023\/04\/Logo.svg","contentUrl":"https:\/\/cutae.bcardmexico.com\/wp-content\/uploads\/2023\/04\/Logo.svg","caption":"CUTAE FARMACIA DERMATOL\u00d3GICA"},"image":{"@id":"https:\/\/cutae.bcardmexico.com\/#\/schema\/logo\/image\/"}}]}},"_links":{"self":[{"href":"https:\/\/cutae.bcardmexico.com\/index.php?rest_route=\/wp\/v2\/product\/2393","targetHints":{"allow":["GET"]}}],"collection":[{"href":"https:\/\/cutae.bcardmexico.com\/index.php?rest_route=\/wp\/v2\/product"}],"about":[{"href":"https:\/\/cutae.bcardmexico.com\/index.php?rest_route=\/wp\/v2\/types\/product"}],"replies":[{"embeddable":true,"href":"https:\/\/cutae.bcardmexico.com\/index.php?rest_route=%2Fwp%2Fv2%2Fcomments&post=2393"}],"version-history":[{"count":1,"href":"https:\/\/cutae.bcardmexico.com\/index.php?rest_route=\/wp\/v2\/product\/2393\/revisions"}],"predecessor-version":[{"id":2394,"href":"https:\/\/cutae.bcardmexico.com\/index.php?rest_route=\/wp\/v2\/product\/2393\/revisions\/2394"}],"wp:featuredmedia":[{"embeddable":true,"href":"https:\/\/cutae.bcardmexico.com\/index.php?rest_route=\/wp\/v2\/media\/2395"}],"wp:attachment":[{"href":"https:\/\/cutae.bcardmexico.com\/index.php?rest_route=%2Fwp%2Fv2%2Fmedia&parent=2393"}],"wp:term":[{"taxonomy":"brand","embeddable":true,"href":"https:\/\/cutae.bcardmexico.com\/index.php?rest_route=%2Fwp%2Fv2%2Fetheme_brands&post=2393"},{"taxonomy":"product_brand","embeddable":true,"href":"https:\/\/cutae.bcardmexico.com\/index.php?rest_route=%2Fwp%2Fv2%2Fproduct_brand&post=2393"},{"taxonomy":"product_cat","embeddable":true,"href":"https:\/\/cutae.bcardmexico.com\/index.php?rest_route=%2Fwp%2Fv2%2Fproduct_cat&post=2393"},{"taxonomy":"product_tag","embeddable":true,"href":"https:\/\/cutae.bcardmexico.com\/index.php?rest_route=%2Fwp%2Fv2%2Fproduct_tag&post=2393"}],"curies":[{"name":"wp","href":"https:\/\/api.w.org\/{rel}","templated":true}]}}