{"id":2399,"date":"2026-01-19T03:52:12","date_gmt":"2026-01-19T03:52:12","guid":{"rendered":"https:\/\/cutae.bcardmexico.com\/?post_type=product&#038;p=2399"},"modified":"2026-01-19T03:52:13","modified_gmt":"2026-01-19T03:52:13","slug":"melan-recovery","status":"publish","type":"product","link":"https:\/\/cutae.bcardmexico.com\/?product=melan-recovery","title":{"rendered":"Melan recovery"},"content":{"rendered":"<p>B\u00e1lsamo calmante y recuperador que devuelve el equilibrio y el confort a la piel tras agresiones externas (sol, depilaci\u00f3n, afeitado, fricci\u00f3n) o tras tratamientos m\u00e9dico est\u00e9ticos (peelings, l\u00e1ser, etc.) que puedan causar sensibilizaci\u00f3n cut\u00e1nea, falta de confort y\/o enrojecimiento. Reduce la sensibilidad cut\u00e1nea y refuerza el sistema de defensa de la piel. Reequilibria la barrera cut\u00e1nea proporcionando confort, elasticidad y suavidad.<\/p>\n","protected":false},"excerpt":{"rendered":"<div class=\"product attribute overview\">\n<div class=\"value\">B\u00e1lsamo intensivo que combate las manifestaciones relacionadas con la irritaci\u00f3n y el enrojecimiento, proporcionando alivio inmediato.<\/div>\n<\/div>\n<div class=\"summary-review-wrapper\">\n<div class=\"product attribute size\">\n<div><\/div>\n<div class=\"value\">50 ml<\/div>\n<\/div>\n<\/div>\n","protected":false},"featured_media":2400,"comment_status":"open","ping_status":"closed","template":"","meta":[],"etheme_brands":[],"product_brand":[],"product_cat":[79],"product_tag":[65,60],"class_list":{"0":"post-2399","1":"product","2":"type-product","3":"status-publish","4":"has-post-thumbnail","6":"product_cat-piel-sensible","7":"product_tag-crema","8":"product_tag-facial","10":"first","11":"instock","12":"shipping-taxable","13":"product-type-simple"},"yoast_head":"<!-- This site is optimized with the Yoast SEO Premium plugin v23.4 (Yoast SEO v23.4) - https:\/\/yoast.com\/wordpress\/plugins\/seo\/ -->\n<title>Melan recovery - CUTAE FARMACIA<\/title>\n<meta name=\"robots\" content=\"index, follow, max-snippet:-1, max-image-preview:large, max-video-preview:-1\" \/>\n<link rel=\"canonical\" href=\"https:\/\/cutae.bcardmexico.com\/?product=melan-recovery\" \/>\n<meta property=\"og:locale\" content=\"es_MX\" \/>\n<meta property=\"og:type\" content=\"article\" \/>\n<meta property=\"og:title\" content=\"Melan recovery\" \/>\n<meta property=\"og:description\" content=\"B\u00e1lsamo intensivo que combate las manifestaciones relacionadas con la irritaci\u00f3n y el enrojecimiento, proporcionando alivio inmediato.     50 ml\" \/>\n<meta property=\"og:url\" content=\"https:\/\/cutae.bcardmexico.com\/?product=melan-recovery\" \/>\n<meta property=\"og:site_name\" content=\"CUTAE FARMACIA\" \/>\n<meta property=\"article:modified_time\" content=\"2026-01-19T03:52:13+00:00\" \/>\n<meta property=\"og:image\" content=\"https:\/\/cutae.bcardmexico.com\/wp-content\/uploads\/2026\/01\/melan-recovery.jpg\" \/>\n\t<meta property=\"og:image:width\" content=\"650\" \/>\n\t<meta property=\"og:image:height\" content=\"650\" \/>\n\t<meta property=\"og:image:type\" content=\"image\/jpeg\" \/>\n<meta name=\"twitter:card\" content=\"summary_large_image\" \/>\n<meta name=\"twitter:label1\" content=\"Tiempo de lectura\" \/>\n\t<meta name=\"twitter:data1\" content=\"1 minuto\" \/>\n<script type=\"application\/ld+json\" class=\"yoast-schema-graph\">{\"@context\":\"https:\/\/schema.org\",\"@graph\":[{\"@type\":\"WebPage\",\"@id\":\"https:\/\/cutae.bcardmexico.com\/?product=melan-recovery\",\"url\":\"https:\/\/cutae.bcardmexico.com\/?product=melan-recovery\",\"name\":\"Melan recovery - CUTAE FARMACIA\",\"isPartOf\":{\"@id\":\"https:\/\/cutae.bcardmexico.com\/#website\"},\"primaryImageOfPage\":{\"@id\":\"https:\/\/cutae.bcardmexico.com\/?product=melan-recovery#primaryimage\"},\"image\":{\"@id\":\"https:\/\/cutae.bcardmexico.com\/?product=melan-recovery#primaryimage\"},\"thumbnailUrl\":\"https:\/\/cutae.bcardmexico.com\/wp-content\/uploads\/2026\/01\/melan-recovery.jpg\",\"datePublished\":\"2026-01-19T03:52:12+00:00\",\"dateModified\":\"2026-01-19T03:52:13+00:00\",\"breadcrumb\":{\"@id\":\"https:\/\/cutae.bcardmexico.com\/?product=melan-recovery#breadcrumb\"},\"inLanguage\":\"es\",\"potentialAction\":[{\"@type\":\"ReadAction\",\"target\":[\"https:\/\/cutae.bcardmexico.com\/?product=melan-recovery\"]}]},{\"@type\":\"ImageObject\",\"inLanguage\":\"es\",\"@id\":\"https:\/\/cutae.bcardmexico.com\/?product=melan-recovery#primaryimage\",\"url\":\"https:\/\/cutae.bcardmexico.com\/wp-content\/uploads\/2026\/01\/melan-recovery.jpg\",\"contentUrl\":\"https:\/\/cutae.bcardmexico.com\/wp-content\/uploads\/2026\/01\/melan-recovery.jpg\",\"width\":650,\"height\":650},{\"@type\":\"BreadcrumbList\",\"@id\":\"https:\/\/cutae.bcardmexico.com\/?product=melan-recovery#breadcrumb\",\"itemListElement\":[{\"@type\":\"ListItem\",\"position\":1,\"name\":\"Home\",\"item\":\"https:\/\/cutae.bcardmexico.com\/\"},{\"@type\":\"ListItem\",\"position\":2,\"name\":\"Shop\",\"item\":\"https:\/\/cutae.bcardmexico.com\/?page_id=14\"},{\"@type\":\"ListItem\",\"position\":3,\"name\":\"Melan recovery\"}]},{\"@type\":\"WebSite\",\"@id\":\"https:\/\/cutae.bcardmexico.com\/#website\",\"url\":\"https:\/\/cutae.bcardmexico.com\/\",\"name\":\"CUTAE FARMACIA DERMATOL\u00d3GICA\",\"description\":\"CUTAE FARMACIA DERMATOL\u00d3GICA\",\"publisher\":{\"@id\":\"https:\/\/cutae.bcardmexico.com\/#organization\"},\"alternateName\":\"CUTAE\",\"potentialAction\":[{\"@type\":\"SearchAction\",\"target\":{\"@type\":\"EntryPoint\",\"urlTemplate\":\"https:\/\/cutae.bcardmexico.com\/?s={search_term_string}\"},\"query-input\":{\"@type\":\"PropertyValueSpecification\",\"valueRequired\":true,\"valueName\":\"search_term_string\"}}],\"inLanguage\":\"es\"},{\"@type\":\"Organization\",\"@id\":\"https:\/\/cutae.bcardmexico.com\/#organization\",\"name\":\"CUTAE FARMACIA DERMATOL\u00d3GICA\",\"url\":\"https:\/\/cutae.bcardmexico.com\/\",\"logo\":{\"@type\":\"ImageObject\",\"inLanguage\":\"es\",\"@id\":\"https:\/\/cutae.bcardmexico.com\/#\/schema\/logo\/image\/\",\"url\":\"https:\/\/cutae.bcardmexico.com\/wp-content\/uploads\/2023\/04\/Logo.svg\",\"contentUrl\":\"https:\/\/cutae.bcardmexico.com\/wp-content\/uploads\/2023\/04\/Logo.svg\",\"caption\":\"CUTAE FARMACIA DERMATOL\u00d3GICA\"},\"image\":{\"@id\":\"https:\/\/cutae.bcardmexico.com\/#\/schema\/logo\/image\/\"}}]}<\/script>\n<!-- \/ Yoast SEO Premium plugin. -->","yoast_head_json":{"title":"Melan recovery - CUTAE FARMACIA","robots":{"index":"index","follow":"follow","max-snippet":"max-snippet:-1","max-image-preview":"max-image-preview:large","max-video-preview":"max-video-preview:-1"},"canonical":"https:\/\/cutae.bcardmexico.com\/?product=melan-recovery","og_locale":"es_MX","og_type":"article","og_title":"Melan recovery","og_description":"B\u00e1lsamo intensivo que combate las manifestaciones relacionadas con la irritaci\u00f3n y el enrojecimiento, proporcionando alivio inmediato.     50 ml","og_url":"https:\/\/cutae.bcardmexico.com\/?product=melan-recovery","og_site_name":"CUTAE FARMACIA","article_modified_time":"2026-01-19T03:52:13+00:00","og_image":[{"width":650,"height":650,"url":"https:\/\/cutae.bcardmexico.com\/wp-content\/uploads\/2026\/01\/melan-recovery.jpg","type":"image\/jpeg"}],"twitter_card":"summary_large_image","twitter_misc":{"Tiempo de lectura":"1 minuto"},"schema":{"@context":"https:\/\/schema.org","@graph":[{"@type":"WebPage","@id":"https:\/\/cutae.bcardmexico.com\/?product=melan-recovery","url":"https:\/\/cutae.bcardmexico.com\/?product=melan-recovery","name":"Melan recovery - CUTAE FARMACIA","isPartOf":{"@id":"https:\/\/cutae.bcardmexico.com\/#website"},"primaryImageOfPage":{"@id":"https:\/\/cutae.bcardmexico.com\/?product=melan-recovery#primaryimage"},"image":{"@id":"https:\/\/cutae.bcardmexico.com\/?product=melan-recovery#primaryimage"},"thumbnailUrl":"https:\/\/cutae.bcardmexico.com\/wp-content\/uploads\/2026\/01\/melan-recovery.jpg","datePublished":"2026-01-19T03:52:12+00:00","dateModified":"2026-01-19T03:52:13+00:00","breadcrumb":{"@id":"https:\/\/cutae.bcardmexico.com\/?product=melan-recovery#breadcrumb"},"inLanguage":"es","potentialAction":[{"@type":"ReadAction","target":["https:\/\/cutae.bcardmexico.com\/?product=melan-recovery"]}]},{"@type":"ImageObject","inLanguage":"es","@id":"https:\/\/cutae.bcardmexico.com\/?product=melan-recovery#primaryimage","url":"https:\/\/cutae.bcardmexico.com\/wp-content\/uploads\/2026\/01\/melan-recovery.jpg","contentUrl":"https:\/\/cutae.bcardmexico.com\/wp-content\/uploads\/2026\/01\/melan-recovery.jpg","width":650,"height":650},{"@type":"BreadcrumbList","@id":"https:\/\/cutae.bcardmexico.com\/?product=melan-recovery#breadcrumb","itemListElement":[{"@type":"ListItem","position":1,"name":"Home","item":"https:\/\/cutae.bcardmexico.com\/"},{"@type":"ListItem","position":2,"name":"Shop","item":"https:\/\/cutae.bcardmexico.com\/?page_id=14"},{"@type":"ListItem","position":3,"name":"Melan recovery"}]},{"@type":"WebSite","@id":"https:\/\/cutae.bcardmexico.com\/#website","url":"https:\/\/cutae.bcardmexico.com\/","name":"CUTAE FARMACIA DERMATOL\u00d3GICA","description":"CUTAE FARMACIA DERMATOL\u00d3GICA","publisher":{"@id":"https:\/\/cutae.bcardmexico.com\/#organization"},"alternateName":"CUTAE","potentialAction":[{"@type":"SearchAction","target":{"@type":"EntryPoint","urlTemplate":"https:\/\/cutae.bcardmexico.com\/?s={search_term_string}"},"query-input":{"@type":"PropertyValueSpecification","valueRequired":true,"valueName":"search_term_string"}}],"inLanguage":"es"},{"@type":"Organization","@id":"https:\/\/cutae.bcardmexico.com\/#organization","name":"CUTAE FARMACIA DERMATOL\u00d3GICA","url":"https:\/\/cutae.bcardmexico.com\/","logo":{"@type":"ImageObject","inLanguage":"es","@id":"https:\/\/cutae.bcardmexico.com\/#\/schema\/logo\/image\/","url":"https:\/\/cutae.bcardmexico.com\/wp-content\/uploads\/2023\/04\/Logo.svg","contentUrl":"https:\/\/cutae.bcardmexico.com\/wp-content\/uploads\/2023\/04\/Logo.svg","caption":"CUTAE FARMACIA DERMATOL\u00d3GICA"},"image":{"@id":"https:\/\/cutae.bcardmexico.com\/#\/schema\/logo\/image\/"}}]}},"_links":{"self":[{"href":"https:\/\/cutae.bcardmexico.com\/index.php?rest_route=\/wp\/v2\/product\/2399","targetHints":{"allow":["GET"]}}],"collection":[{"href":"https:\/\/cutae.bcardmexico.com\/index.php?rest_route=\/wp\/v2\/product"}],"about":[{"href":"https:\/\/cutae.bcardmexico.com\/index.php?rest_route=\/wp\/v2\/types\/product"}],"replies":[{"embeddable":true,"href":"https:\/\/cutae.bcardmexico.com\/index.php?rest_route=%2Fwp%2Fv2%2Fcomments&post=2399"}],"version-history":[{"count":1,"href":"https:\/\/cutae.bcardmexico.com\/index.php?rest_route=\/wp\/v2\/product\/2399\/revisions"}],"predecessor-version":[{"id":2401,"href":"https:\/\/cutae.bcardmexico.com\/index.php?rest_route=\/wp\/v2\/product\/2399\/revisions\/2401"}],"wp:featuredmedia":[{"embeddable":true,"href":"https:\/\/cutae.bcardmexico.com\/index.php?rest_route=\/wp\/v2\/media\/2400"}],"wp:attachment":[{"href":"https:\/\/cutae.bcardmexico.com\/index.php?rest_route=%2Fwp%2Fv2%2Fmedia&parent=2399"}],"wp:term":[{"taxonomy":"brand","embeddable":true,"href":"https:\/\/cutae.bcardmexico.com\/index.php?rest_route=%2Fwp%2Fv2%2Fetheme_brands&post=2399"},{"taxonomy":"product_brand","embeddable":true,"href":"https:\/\/cutae.bcardmexico.com\/index.php?rest_route=%2Fwp%2Fv2%2Fproduct_brand&post=2399"},{"taxonomy":"product_cat","embeddable":true,"href":"https:\/\/cutae.bcardmexico.com\/index.php?rest_route=%2Fwp%2Fv2%2Fproduct_cat&post=2399"},{"taxonomy":"product_tag","embeddable":true,"href":"https:\/\/cutae.bcardmexico.com\/index.php?rest_route=%2Fwp%2Fv2%2Fproduct_tag&post=2399"}],"curies":[{"name":"wp","href":"https:\/\/api.w.org\/{rel}","templated":true}]}}