{"id":2414,"date":"2026-01-19T04:05:14","date_gmt":"2026-01-19T04:05:14","guid":{"rendered":"https:\/\/cutae.bcardmexico.com\/?post_type=product&#038;p=2414"},"modified":"2026-01-19T04:05:15","modified_gmt":"2026-01-19T04:05:15","slug":"purifying-mousse","status":"publish","type":"product","link":"https:\/\/cutae.bcardmexico.com\/?product=purifying-mousse","title":{"rendered":"Purifying mousse"},"content":{"rendered":"<p>Espuma limpiadora facial equilibrante y antipoluci\u00f3n para pieles grasas y con tendencia acneica. Favorece la desobstrucci\u00f3n de los poros y previene imperfecciones.<\/p>\n<p><strong>PURIFICANTE, QUERATOL\u00cdTICO, REFINADOR:<\/strong>\u00a0la acci\u00f3n antis\u00e9ptica de la clorhexidina se combina con \u00e1cido salic\u00edlico y \u00e1cido l\u00e1ctico para favorecer la desobstrucci\u00f3n de los poros, mejorar la textura y prevenir imperfecciones cut\u00e1neas.<\/p>\n<p><strong>ACCI\u00d3N BIOEQUILIBRANTE:<\/strong>\u00a0un activo posbi\u00f3tico, Lactobacillus Ferment, obtenido de la fermentaci\u00f3n de una bacteria, favorece el equilibrio de la microbiota para potenciar y preservar la funci\u00f3n barrera cut\u00e1nea en \u00f3ptimas condiciones.<\/p>\n<p><strong>ACCI\u00d3N ANTIPOLUCI\u00d3N:<\/strong>\u00a0un activo biotecnol\u00f3gico, Urban D-tox, ofrece una acci\u00f3n dual sobre los efectos de la contaminaci\u00f3n sobre la piel: por un lado, permite la remoci\u00f3n de las part\u00edculas contaminantes que se depositan en la piel y por otro, reduce el estr\u00e9s oxidativo que acelera el envejecimiento cut\u00e1neo.<\/p>\n","protected":false},"excerpt":{"rendered":"<div class=\"product attribute overview\">\n<div class=\"value\">\n<p>Espuma limpiadora facial equilibrante y antipoluci\u00f3n para pieles grasas y con tendencia acneica.<\/p>\n<\/div>\n<\/div>\n<div class=\"summary-review-wrapper\">\n<div class=\"product attribute size\">\n<div class=\"value\">150 ml<\/div>\n<\/div>\n<\/div>\n","protected":false},"featured_media":2415,"comment_status":"open","ping_status":"closed","template":"","meta":[],"etheme_brands":[],"product_brand":[],"product_cat":[80],"product_tag":[82,60,81],"class_list":{"0":"post-2414","1":"product","2":"type-product","3":"status-publish","4":"has-post-thumbnail","6":"product_cat-limpieza-facial","7":"product_tag-espuma","8":"product_tag-facial","9":"product_tag-limpiador","11":"first","12":"instock","13":"shipping-taxable","14":"product-type-simple"},"yoast_head":"<!-- This site is optimized with the Yoast SEO Premium plugin v23.4 (Yoast SEO v23.4) - https:\/\/yoast.com\/wordpress\/plugins\/seo\/ -->\n<title>Purifying mousse - CUTAE FARMACIA<\/title>\n<meta name=\"robots\" content=\"index, follow, max-snippet:-1, max-image-preview:large, max-video-preview:-1\" \/>\n<link rel=\"canonical\" href=\"https:\/\/cutae.bcardmexico.com\/?product=purifying-mousse\" \/>\n<meta property=\"og:locale\" content=\"es_MX\" \/>\n<meta property=\"og:type\" content=\"article\" \/>\n<meta property=\"og:title\" content=\"Purifying mousse\" \/>\n<meta property=\"og:description\" content=\"Espuma limpiadora facial equilibrante y antipoluci\u00f3n para pieles grasas y con tendencia acneica.      150 ml\" \/>\n<meta property=\"og:url\" content=\"https:\/\/cutae.bcardmexico.com\/?product=purifying-mousse\" \/>\n<meta property=\"og:site_name\" content=\"CUTAE FARMACIA\" \/>\n<meta property=\"article:modified_time\" content=\"2026-01-19T04:05:15+00:00\" \/>\n<meta property=\"og:image\" content=\"https:\/\/cutae.bcardmexico.com\/wp-content\/uploads\/2026\/01\/purifiying-mousse.jpg\" \/>\n\t<meta property=\"og:image:width\" content=\"650\" \/>\n\t<meta property=\"og:image:height\" content=\"651\" \/>\n\t<meta property=\"og:image:type\" content=\"image\/jpeg\" \/>\n<meta name=\"twitter:card\" content=\"summary_large_image\" \/>\n<meta name=\"twitter:label1\" content=\"Tiempo de lectura\" \/>\n\t<meta name=\"twitter:data1\" content=\"1 minuto\" \/>\n<script type=\"application\/ld+json\" class=\"yoast-schema-graph\">{\"@context\":\"https:\/\/schema.org\",\"@graph\":[{\"@type\":\"WebPage\",\"@id\":\"https:\/\/cutae.bcardmexico.com\/?product=purifying-mousse\",\"url\":\"https:\/\/cutae.bcardmexico.com\/?product=purifying-mousse\",\"name\":\"Purifying mousse - CUTAE FARMACIA\",\"isPartOf\":{\"@id\":\"https:\/\/cutae.bcardmexico.com\/#website\"},\"primaryImageOfPage\":{\"@id\":\"https:\/\/cutae.bcardmexico.com\/?product=purifying-mousse#primaryimage\"},\"image\":{\"@id\":\"https:\/\/cutae.bcardmexico.com\/?product=purifying-mousse#primaryimage\"},\"thumbnailUrl\":\"https:\/\/cutae.bcardmexico.com\/wp-content\/uploads\/2026\/01\/purifiying-mousse.jpg\",\"datePublished\":\"2026-01-19T04:05:14+00:00\",\"dateModified\":\"2026-01-19T04:05:15+00:00\",\"breadcrumb\":{\"@id\":\"https:\/\/cutae.bcardmexico.com\/?product=purifying-mousse#breadcrumb\"},\"inLanguage\":\"es\",\"potentialAction\":[{\"@type\":\"ReadAction\",\"target\":[\"https:\/\/cutae.bcardmexico.com\/?product=purifying-mousse\"]}]},{\"@type\":\"ImageObject\",\"inLanguage\":\"es\",\"@id\":\"https:\/\/cutae.bcardmexico.com\/?product=purifying-mousse#primaryimage\",\"url\":\"https:\/\/cutae.bcardmexico.com\/wp-content\/uploads\/2026\/01\/purifiying-mousse.jpg\",\"contentUrl\":\"https:\/\/cutae.bcardmexico.com\/wp-content\/uploads\/2026\/01\/purifiying-mousse.jpg\",\"width\":650,\"height\":651},{\"@type\":\"BreadcrumbList\",\"@id\":\"https:\/\/cutae.bcardmexico.com\/?product=purifying-mousse#breadcrumb\",\"itemListElement\":[{\"@type\":\"ListItem\",\"position\":1,\"name\":\"Home\",\"item\":\"https:\/\/cutae.bcardmexico.com\/\"},{\"@type\":\"ListItem\",\"position\":2,\"name\":\"Shop\",\"item\":\"https:\/\/cutae.bcardmexico.com\/?page_id=14\"},{\"@type\":\"ListItem\",\"position\":3,\"name\":\"Purifying mousse\"}]},{\"@type\":\"WebSite\",\"@id\":\"https:\/\/cutae.bcardmexico.com\/#website\",\"url\":\"https:\/\/cutae.bcardmexico.com\/\",\"name\":\"CUTAE FARMACIA DERMATOL\u00d3GICA\",\"description\":\"CUTAE FARMACIA DERMATOL\u00d3GICA\",\"publisher\":{\"@id\":\"https:\/\/cutae.bcardmexico.com\/#organization\"},\"alternateName\":\"CUTAE\",\"potentialAction\":[{\"@type\":\"SearchAction\",\"target\":{\"@type\":\"EntryPoint\",\"urlTemplate\":\"https:\/\/cutae.bcardmexico.com\/?s={search_term_string}\"},\"query-input\":{\"@type\":\"PropertyValueSpecification\",\"valueRequired\":true,\"valueName\":\"search_term_string\"}}],\"inLanguage\":\"es\"},{\"@type\":\"Organization\",\"@id\":\"https:\/\/cutae.bcardmexico.com\/#organization\",\"name\":\"CUTAE FARMACIA DERMATOL\u00d3GICA\",\"url\":\"https:\/\/cutae.bcardmexico.com\/\",\"logo\":{\"@type\":\"ImageObject\",\"inLanguage\":\"es\",\"@id\":\"https:\/\/cutae.bcardmexico.com\/#\/schema\/logo\/image\/\",\"url\":\"https:\/\/cutae.bcardmexico.com\/wp-content\/uploads\/2023\/04\/Logo.svg\",\"contentUrl\":\"https:\/\/cutae.bcardmexico.com\/wp-content\/uploads\/2023\/04\/Logo.svg\",\"caption\":\"CUTAE FARMACIA DERMATOL\u00d3GICA\"},\"image\":{\"@id\":\"https:\/\/cutae.bcardmexico.com\/#\/schema\/logo\/image\/\"}}]}<\/script>\n<!-- \/ Yoast SEO Premium plugin. -->","yoast_head_json":{"title":"Purifying mousse - CUTAE FARMACIA","robots":{"index":"index","follow":"follow","max-snippet":"max-snippet:-1","max-image-preview":"max-image-preview:large","max-video-preview":"max-video-preview:-1"},"canonical":"https:\/\/cutae.bcardmexico.com\/?product=purifying-mousse","og_locale":"es_MX","og_type":"article","og_title":"Purifying mousse","og_description":"Espuma limpiadora facial equilibrante y antipoluci\u00f3n para pieles grasas y con tendencia acneica.      150 ml","og_url":"https:\/\/cutae.bcardmexico.com\/?product=purifying-mousse","og_site_name":"CUTAE FARMACIA","article_modified_time":"2026-01-19T04:05:15+00:00","og_image":[{"width":650,"height":651,"url":"https:\/\/cutae.bcardmexico.com\/wp-content\/uploads\/2026\/01\/purifiying-mousse.jpg","type":"image\/jpeg"}],"twitter_card":"summary_large_image","twitter_misc":{"Tiempo de lectura":"1 minuto"},"schema":{"@context":"https:\/\/schema.org","@graph":[{"@type":"WebPage","@id":"https:\/\/cutae.bcardmexico.com\/?product=purifying-mousse","url":"https:\/\/cutae.bcardmexico.com\/?product=purifying-mousse","name":"Purifying mousse - CUTAE FARMACIA","isPartOf":{"@id":"https:\/\/cutae.bcardmexico.com\/#website"},"primaryImageOfPage":{"@id":"https:\/\/cutae.bcardmexico.com\/?product=purifying-mousse#primaryimage"},"image":{"@id":"https:\/\/cutae.bcardmexico.com\/?product=purifying-mousse#primaryimage"},"thumbnailUrl":"https:\/\/cutae.bcardmexico.com\/wp-content\/uploads\/2026\/01\/purifiying-mousse.jpg","datePublished":"2026-01-19T04:05:14+00:00","dateModified":"2026-01-19T04:05:15+00:00","breadcrumb":{"@id":"https:\/\/cutae.bcardmexico.com\/?product=purifying-mousse#breadcrumb"},"inLanguage":"es","potentialAction":[{"@type":"ReadAction","target":["https:\/\/cutae.bcardmexico.com\/?product=purifying-mousse"]}]},{"@type":"ImageObject","inLanguage":"es","@id":"https:\/\/cutae.bcardmexico.com\/?product=purifying-mousse#primaryimage","url":"https:\/\/cutae.bcardmexico.com\/wp-content\/uploads\/2026\/01\/purifiying-mousse.jpg","contentUrl":"https:\/\/cutae.bcardmexico.com\/wp-content\/uploads\/2026\/01\/purifiying-mousse.jpg","width":650,"height":651},{"@type":"BreadcrumbList","@id":"https:\/\/cutae.bcardmexico.com\/?product=purifying-mousse#breadcrumb","itemListElement":[{"@type":"ListItem","position":1,"name":"Home","item":"https:\/\/cutae.bcardmexico.com\/"},{"@type":"ListItem","position":2,"name":"Shop","item":"https:\/\/cutae.bcardmexico.com\/?page_id=14"},{"@type":"ListItem","position":3,"name":"Purifying mousse"}]},{"@type":"WebSite","@id":"https:\/\/cutae.bcardmexico.com\/#website","url":"https:\/\/cutae.bcardmexico.com\/","name":"CUTAE FARMACIA DERMATOL\u00d3GICA","description":"CUTAE FARMACIA DERMATOL\u00d3GICA","publisher":{"@id":"https:\/\/cutae.bcardmexico.com\/#organization"},"alternateName":"CUTAE","potentialAction":[{"@type":"SearchAction","target":{"@type":"EntryPoint","urlTemplate":"https:\/\/cutae.bcardmexico.com\/?s={search_term_string}"},"query-input":{"@type":"PropertyValueSpecification","valueRequired":true,"valueName":"search_term_string"}}],"inLanguage":"es"},{"@type":"Organization","@id":"https:\/\/cutae.bcardmexico.com\/#organization","name":"CUTAE FARMACIA DERMATOL\u00d3GICA","url":"https:\/\/cutae.bcardmexico.com\/","logo":{"@type":"ImageObject","inLanguage":"es","@id":"https:\/\/cutae.bcardmexico.com\/#\/schema\/logo\/image\/","url":"https:\/\/cutae.bcardmexico.com\/wp-content\/uploads\/2023\/04\/Logo.svg","contentUrl":"https:\/\/cutae.bcardmexico.com\/wp-content\/uploads\/2023\/04\/Logo.svg","caption":"CUTAE FARMACIA DERMATOL\u00d3GICA"},"image":{"@id":"https:\/\/cutae.bcardmexico.com\/#\/schema\/logo\/image\/"}}]}},"_links":{"self":[{"href":"https:\/\/cutae.bcardmexico.com\/index.php?rest_route=\/wp\/v2\/product\/2414","targetHints":{"allow":["GET"]}}],"collection":[{"href":"https:\/\/cutae.bcardmexico.com\/index.php?rest_route=\/wp\/v2\/product"}],"about":[{"href":"https:\/\/cutae.bcardmexico.com\/index.php?rest_route=\/wp\/v2\/types\/product"}],"replies":[{"embeddable":true,"href":"https:\/\/cutae.bcardmexico.com\/index.php?rest_route=%2Fwp%2Fv2%2Fcomments&post=2414"}],"version-history":[{"count":1,"href":"https:\/\/cutae.bcardmexico.com\/index.php?rest_route=\/wp\/v2\/product\/2414\/revisions"}],"predecessor-version":[{"id":2416,"href":"https:\/\/cutae.bcardmexico.com\/index.php?rest_route=\/wp\/v2\/product\/2414\/revisions\/2416"}],"wp:featuredmedia":[{"embeddable":true,"href":"https:\/\/cutae.bcardmexico.com\/index.php?rest_route=\/wp\/v2\/media\/2415"}],"wp:attachment":[{"href":"https:\/\/cutae.bcardmexico.com\/index.php?rest_route=%2Fwp%2Fv2%2Fmedia&parent=2414"}],"wp:term":[{"taxonomy":"brand","embeddable":true,"href":"https:\/\/cutae.bcardmexico.com\/index.php?rest_route=%2Fwp%2Fv2%2Fetheme_brands&post=2414"},{"taxonomy":"product_brand","embeddable":true,"href":"https:\/\/cutae.bcardmexico.com\/index.php?rest_route=%2Fwp%2Fv2%2Fproduct_brand&post=2414"},{"taxonomy":"product_cat","embeddable":true,"href":"https:\/\/cutae.bcardmexico.com\/index.php?rest_route=%2Fwp%2Fv2%2Fproduct_cat&post=2414"},{"taxonomy":"product_tag","embeddable":true,"href":"https:\/\/cutae.bcardmexico.com\/index.php?rest_route=%2Fwp%2Fv2%2Fproduct_tag&post=2414"}],"curies":[{"name":"wp","href":"https:\/\/api.w.org\/{rel}","templated":true}]}}